{"id":26,"date":"2023-07-16T03:14:24","date_gmt":"2023-07-16T03:14:24","guid":{"rendered":"https:\/\/srtub.com\/?page_id=26"},"modified":"2024-07-03T02:48:00","modified_gmt":"2024-07-03T02:48:00","slug":"o-spolecnosti-srtub-silikonove-trubky","status":"publish","type":"page","link":"https:\/\/srtub.com\/cs\/o-spolecnosti-srtub-silikonove-trubky\/","title":{"rendered":"O spole\u010dnosti Srtub"},"content":{"rendered":"<div class=\"fusion-fullwidth fullwidth-box fusion-builder-row-1 fusion-flex-container nonhundred-percent-fullwidth non-hundred-percent-height-scrolling\" style=\"--awb-border-radius-top-left:0px;--awb-border-radius-top-right:0px;--awb-border-radius-bottom-right:0px;--awb-border-radius-bottom-left:0px;--awb-flex-wrap:wrap;\" ><div class=\"fusion-builder-row fusion-row fusion-flex-align-items-flex-start fusion-flex-content-wrap\" style=\"max-width:1248px;margin-left: calc(-4% \/ 2 );margin-right: calc(-4% \/ 2 );\"><div class=\"fusion-layout-column fusion_builder_column fusion-builder-column-0 fusion_builder_column_1_1 1_1 fusion-flex-column\" style=\"--awb-bg-size:cover;--awb-width-large:100%;--awb-margin-top-large:0px;--awb-spacing-right-large:1.92%;--awb-margin-bottom-large:0px;--awb-spacing-left-large:1.92%;--awb-width-medium:100%;--awb-spacing-right-medium:1.92%;--awb-spacing-left-medium:1.92%;--awb-width-small:100%;--awb-spacing-right-small:1.92%;--awb-spacing-left-small:1.92%;\"><div class=\"fusion-column-wrapper fusion-flex-justify-content-flex-start fusion-content-layout-column\"><div class=\"fusion-text fusion-text-1\"><h2 style=\"text-align: center;\">\u00a0 \u00a0 \u00a0 \u00a0 \u00a0<strong>Srtub Silicone Tube Factory<\/strong><\/h2>\n<p>V\u00edce ne\u017e 22+ let zku\u0161enost\u00ed-Srtub Silicone Tube Factory je podnik specializuj\u00edc\u00ed se na v\u00fdzkum a v\u00fdvoj, v\u00fdrobu a prodej r\u016fzn\u00fdch vysoce kvalitn\u00edch p\u0159esn\u00fdch silikonov\u00fdch v\u00fdrobk\u016f a pro\u0161el certifikac\u00ed BV s vlastn\u00ed tov\u00e1rnou.<\/p>\n<p>Srtub m\u00e1 kompletn\u00ed certifik\u00e1ty. Na\u0161e l\u00e9ka\u0159sk\u00e9 silikonov\u00e9 trubice a silikonov\u00e9 trubice pro peristaltick\u00e1 \u010derpadla jsou vytla\u010dov\u00e1ny z dov\u00e1\u017een\u00fdch silikonov\u00fdch pry\u017eov\u00fdch surovin vytvrzen\u00fdch platinou.<\/p>\n<p>Mezi na\u0161e hlavn\u00ed produkty pat\u0159\u00ed silikonov\u00e9 trubi\u010dky pro potravin\u00e1\u0159sk\u00e9 \u00fa\u010dely, l\u00e9ka\u0159sk\u00e9 silikonov\u00e9 trubi\u010dky, silikonov\u00e9 trubi\u010dky pro peristaltick\u00e1 \u010derpadla, lisovan\u00e9 v\u00fdrobky a dal\u0161\u00ed silikonov\u00e9 trubi\u010dky.<\/p>\n<p>Profesion\u00e1ln\u00ed p\u0159izp\u016fsoben\u00ed r\u016fzn\u00fdch silikonov\u00fdch trubek, jako jsou l\u00e9ka\u0159sk\u00e9 silikonov\u00e9 trubky, potravin\u00e1\u0159sk\u00e9 silikonov\u00e9 trubky, trubky peristaltick\u00fdch \u010derpadel, LED pouzdra, pr\u016fmyslov\u00e9 silikonov\u00e9 trubky atd.<\/p>\n<p>Na\u0161e spole\u010dnost m\u016f\u017ee tak\u00e9 vyr\u00e1b\u011bt silikonov\u00e9 t\u011bsnic\u00ed krou\u017eky, silikonov\u00e9 z\u00e1t\u011b\u017eov\u00e9 p\u00e1sy,<br \/>\nsilikonov\u00e9 p\u00e1sky, tvarovan\u00e9 silikonov\u00e9 v\u00fdrobky (silikonov\u00e9 z\u00e1sobn\u00edky na led, silikonov\u00e9 f\u00f3lie),<br \/>\nsilikonov\u00e9 formy atd.<\/p>\n<p>Dlouhodob\u011b spolupracujeme s v\u00edce ne\u017e 5000 partnery z cel\u00e9ho sv\u011bta.<br \/>\nPokud se na n\u00e1s obr\u00e1t\u00edte se sv\u00fdmi pot\u0159ebami, ud\u011bl\u00e1me v\u0161e pro to, abychom dos\u00e1hli nekone\u010dn\u00fdch mo\u017enost\u00ed!<\/p>\n<p><img fetchpriority=\"high\" decoding=\"async\" class=\"alignnone wp-image-21 size-full\" src=\"https:\/\/srtub.com\/wp-content\/uploads\/2023\/07\/Best-Silicone-Tube-Ever-Srtub-1.jpg\" alt=\"Nejlep\u0161\u00ed silikonov\u00e1 trubice v\u016fbec - Surtub\" width=\"1920\" height=\"750\" srcset=\"https:\/\/srtub.com\/wp-content\/uploads\/2023\/07\/Best-Silicone-Tube-Ever-Srtub-1-18x7.jpg 18w, https:\/\/srtub.com\/wp-content\/uploads\/2023\/07\/Best-Silicone-Tube-Ever-Srtub-1-200x78.jpg 200w, https:\/\/srtub.com\/wp-content\/uploads\/2023\/07\/Best-Silicone-Tube-Ever-Srtub-1-300x117.jpg 300w, https:\/\/srtub.com\/wp-content\/uploads\/2023\/07\/Best-Silicone-Tube-Ever-Srtub-1-400x156.jpg 400w, https:\/\/srtub.com\/wp-content\/uploads\/2023\/07\/Best-Silicone-Tube-Ever-Srtub-1-500x195.jpg 500w, https:\/\/srtub.com\/wp-content\/uploads\/2023\/07\/Best-Silicone-Tube-Ever-Srtub-1-600x234.jpg 600w, https:\/\/srtub.com\/wp-content\/uploads\/2023\/07\/Best-Silicone-Tube-Ever-Srtub-1-700x273.jpg 700w, https:\/\/srtub.com\/wp-content\/uploads\/2023\/07\/Best-Silicone-Tube-Ever-Srtub-1-768x300.jpg 768w, https:\/\/srtub.com\/wp-content\/uploads\/2023\/07\/Best-Silicone-Tube-Ever-Srtub-1-800x313.jpg 800w, https:\/\/srtub.com\/wp-content\/uploads\/2023\/07\/Best-Silicone-Tube-Ever-Srtub-1-1024x400.jpg 1024w, https:\/\/srtub.com\/wp-content\/uploads\/2023\/07\/Best-Silicone-Tube-Ever-Srtub-1-1200x469.jpg 1200w, https:\/\/srtub.com\/wp-content\/uploads\/2023\/07\/Best-Silicone-Tube-Ever-Srtub-1-1536x600.jpg 1536w, https:\/\/srtub.com\/wp-content\/uploads\/2023\/07\/Best-Silicone-Tube-Ever-Srtub-1.jpg 1920w\" sizes=\"(max-width: 1920px) 100vw, 1920px\" \/><\/p>\n<p><img decoding=\"async\" class=\"alignnone wp-image-22 size-full\" src=\"https:\/\/srtub.com\/wp-content\/uploads\/2023\/07\/Best-Silicone-Tube-Ever-Srtub-2.jpg\" alt=\"Nejlep\u0161\u00ed silikonov\u00e1 trubice v\u016fbec - Surtub\" width=\"1920\" height=\"750\" srcset=\"https:\/\/srtub.com\/wp-content\/uploads\/2023\/07\/Best-Silicone-Tube-Ever-Srtub-2-18x7.jpg 18w, https:\/\/srtub.com\/wp-content\/uploads\/2023\/07\/Best-Silicone-Tube-Ever-Srtub-2-200x78.jpg 200w, https:\/\/srtub.com\/wp-content\/uploads\/2023\/07\/Best-Silicone-Tube-Ever-Srtub-2-300x117.jpg 300w, https:\/\/srtub.com\/wp-content\/uploads\/2023\/07\/Best-Silicone-Tube-Ever-Srtub-2-400x156.jpg 400w, https:\/\/srtub.com\/wp-content\/uploads\/2023\/07\/Best-Silicone-Tube-Ever-Srtub-2-500x195.jpg 500w, https:\/\/srtub.com\/wp-content\/uploads\/2023\/07\/Best-Silicone-Tube-Ever-Srtub-2-600x234.jpg 600w, https:\/\/srtub.com\/wp-content\/uploads\/2023\/07\/Best-Silicone-Tube-Ever-Srtub-2-700x273.jpg 700w, https:\/\/srtub.com\/wp-content\/uploads\/2023\/07\/Best-Silicone-Tube-Ever-Srtub-2-768x300.jpg 768w, https:\/\/srtub.com\/wp-content\/uploads\/2023\/07\/Best-Silicone-Tube-Ever-Srtub-2-800x313.jpg 800w, https:\/\/srtub.com\/wp-content\/uploads\/2023\/07\/Best-Silicone-Tube-Ever-Srtub-2-1024x400.jpg 1024w, https:\/\/srtub.com\/wp-content\/uploads\/2023\/07\/Best-Silicone-Tube-Ever-Srtub-2-1200x469.jpg 1200w, https:\/\/srtub.com\/wp-content\/uploads\/2023\/07\/Best-Silicone-Tube-Ever-Srtub-2-1536x600.jpg 1536w, https:\/\/srtub.com\/wp-content\/uploads\/2023\/07\/Best-Silicone-Tube-Ever-Srtub-2.jpg 1920w\" sizes=\"(max-width: 1920px) 100vw, 1920px\" \/><\/p>\n<h4><strong>Srtub Factory Scale<\/strong><\/h4>\n<p>Jsme vybaveni \u010dist\u00fdm zdravotnick\u00fdm prostorem o rozloze 1000 m\u00b2 a standardn\u00ed \u010distou d\u00edlnou o rozloze 1500 m\u00b2.<\/p>\n<h4><strong>Kvalita produktu<\/strong><\/h4>\n<p>P\u0159\u00edsn\u011b dohl\u00ed\u017eejte na kontrolu kvality surovin, v\u00fdroby a kvality v\u00fdrobk\u016f, abyste zajistili, \u017ee m\u00edra pr\u016fchodnosti v\u00fdrobk\u016f je vy\u0161\u0161\u00ed ne\u017e 98%.<\/p>\n<h4><strong>Srtub Rozsah podnik\u00e1n\u00ed<\/strong><\/h4>\n<p>Mezi na\u0161e hlavn\u00ed produkty pat\u0159\u00ed potravin\u00e1\u0159sk\u00e9 silikonov\u00e9 trubi\u010dky, l\u00e9ka\u0159sk\u00e9 silikonov\u00e9 trubi\u010dky, silikonov\u00e9 trubi\u010dky pro peristaltick\u00e1 \u010derpadla, lisovan\u00e9 v\u00fdrobky a dal\u0161\u00ed silikonov\u00e9 v\u00fdrobky.<\/p>\n<h4><strong>T\u00fdm Srtub<\/strong><\/h4>\n<p>S filozofi\u00ed \"profesion\u00e1ln\u00ed, p\u0159esnost, vysok\u00e1 \u00fa\u010dinnost, vysok\u00e1 kvalita, inovace a integrita slu\u017eeb\", jsme v\u017edy dodr\u017eovat slu\u017eby z\u00e1kazn\u00edk\u016fm.<\/p>\n<p><img decoding=\"async\" class=\"alignnone wp-image-45 size-full\" src=\"https:\/\/srtub.com\/wp-content\/uploads\/2023\/07\/Srtub-Silicone-Tube-Factory-1.jpg\" alt=\"Srtub Silicone Tube Factory\" width=\"800\" height=\"800\" srcset=\"https:\/\/srtub.com\/wp-content\/uploads\/2023\/07\/Srtub-Silicone-Tube-Factory-1-12x12.jpg 12w, https:\/\/srtub.com\/wp-content\/uploads\/2023\/07\/Srtub-Silicone-Tube-Factory-1-66x66.jpg 66w, https:\/\/srtub.com\/wp-content\/uploads\/2023\/07\/Srtub-Silicone-Tube-Factory-1-150x150.jpg 150w, https:\/\/srtub.com\/wp-content\/uploads\/2023\/07\/Srtub-Silicone-Tube-Factory-1-200x200.jpg 200w, https:\/\/srtub.com\/wp-content\/uploads\/2023\/07\/Srtub-Silicone-Tube-Factory-1-300x300.jpg 300w, https:\/\/srtub.com\/wp-content\/uploads\/2023\/07\/Srtub-Silicone-Tube-Factory-1-400x400.jpg 400w, https:\/\/srtub.com\/wp-content\/uploads\/2023\/07\/Srtub-Silicone-Tube-Factory-1-500x500.jpg 500w, https:\/\/srtub.com\/wp-content\/uploads\/2023\/07\/Srtub-Silicone-Tube-Factory-1-600x600.jpg 600w, https:\/\/srtub.com\/wp-content\/uploads\/2023\/07\/Srtub-Silicone-Tube-Factory-1-700x700.jpg 700w, https:\/\/srtub.com\/wp-content\/uploads\/2023\/07\/Srtub-Silicone-Tube-Factory-1-768x768.jpg 768w, https:\/\/srtub.com\/wp-content\/uploads\/2023\/07\/Srtub-Silicone-Tube-Factory-1.jpg 800w\" sizes=\"(max-width: 800px) 100vw, 800px\" \/><\/p>\n<p><img loading=\"lazy\" decoding=\"async\" class=\"alignnone wp-image-46 size-full\" src=\"https:\/\/srtub.com\/wp-content\/uploads\/2023\/07\/Srtub-Silicone-Tube-Factory-2.jpg\" alt=\"Srtub Silicone Tube Factory\" width=\"784\" height=\"960\" srcset=\"https:\/\/srtub.com\/wp-content\/uploads\/2023\/07\/Srtub-Silicone-Tube-Factory-2-10x12.jpg 10w, https:\/\/srtub.com\/wp-content\/uploads\/2023\/07\/Srtub-Silicone-Tube-Factory-2-200x245.jpg 200w, https:\/\/srtub.com\/wp-content\/uploads\/2023\/07\/Srtub-Silicone-Tube-Factory-2-245x300.jpg 245w, https:\/\/srtub.com\/wp-content\/uploads\/2023\/07\/Srtub-Silicone-Tube-Factory-2-400x490.jpg 400w, https:\/\/srtub.com\/wp-content\/uploads\/2023\/07\/Srtub-Silicone-Tube-Factory-2-500x612.jpg 500w, https:\/\/srtub.com\/wp-content\/uploads\/2023\/07\/Srtub-Silicone-Tube-Factory-2-600x735.jpg 600w, https:\/\/srtub.com\/wp-content\/uploads\/2023\/07\/Srtub-Silicone-Tube-Factory-2-700x857.jpg 700w, https:\/\/srtub.com\/wp-content\/uploads\/2023\/07\/Srtub-Silicone-Tube-Factory-2-768x940.jpg 768w, https:\/\/srtub.com\/wp-content\/uploads\/2023\/07\/Srtub-Silicone-Tube-Factory-2.jpg 784w\" sizes=\"(max-width: 784px) 100vw, 784px\" \/><\/p>\n<p><div id=\"attachment_47\" style=\"width: 810px\" class=\"wp-caption alignnone\"><img loading=\"lazy\" decoding=\"async\" aria-describedby=\"caption-attachment-47\" class=\"wp-image-47 size-full\" src=\"https:\/\/srtub.com\/wp-content\/uploads\/2023\/07\/Srtub-Silicone-Tube-Factory-3.jpg\" alt=\"Srtub Silicone Tube Factory\" width=\"800\" height=\"800\" srcset=\"https:\/\/srtub.com\/wp-content\/uploads\/2023\/07\/Srtub-Silicone-Tube-Factory-3-12x12.jpg 12w, https:\/\/srtub.com\/wp-content\/uploads\/2023\/07\/Srtub-Silicone-Tube-Factory-3-66x66.jpg 66w, https:\/\/srtub.com\/wp-content\/uploads\/2023\/07\/Srtub-Silicone-Tube-Factory-3-150x150.jpg 150w, https:\/\/srtub.com\/wp-content\/uploads\/2023\/07\/Srtub-Silicone-Tube-Factory-3-200x200.jpg 200w, https:\/\/srtub.com\/wp-content\/uploads\/2023\/07\/Srtub-Silicone-Tube-Factory-3-300x300.jpg 300w, https:\/\/srtub.com\/wp-content\/uploads\/2023\/07\/Srtub-Silicone-Tube-Factory-3-400x400.jpg 400w, https:\/\/srtub.com\/wp-content\/uploads\/2023\/07\/Srtub-Silicone-Tube-Factory-3-500x500.jpg 500w, https:\/\/srtub.com\/wp-content\/uploads\/2023\/07\/Srtub-Silicone-Tube-Factory-3-600x600.jpg 600w, https:\/\/srtub.com\/wp-content\/uploads\/2023\/07\/Srtub-Silicone-Tube-Factory-3-700x700.jpg 700w, https:\/\/srtub.com\/wp-content\/uploads\/2023\/07\/Srtub-Silicone-Tube-Factory-3-768x768.jpg 768w, https:\/\/srtub.com\/wp-content\/uploads\/2023\/07\/Srtub-Silicone-Tube-Factory-3.jpg 800w\" sizes=\"(max-width: 800px) 100vw, 800px\" \/><p id=\"caption-attachment-47\" class=\"wp-caption-text\"><span style=\"color: #000000;\"><strong>Srtub Partners<\/strong><\/span><\/p><\/div>\n<div id=\"attachment_23\" style=\"width: 1930px\" class=\"wp-caption alignnone\"><img loading=\"lazy\" decoding=\"async\" aria-describedby=\"caption-attachment-23\" class=\"wp-image-23 size-full\" src=\"https:\/\/srtub.com\/wp-content\/uploads\/2023\/07\/Best-Silicone-Tube-Ever-Srtub-3.jpg\" alt=\"Nejlep\u0161\u00ed silikonov\u00e1 trubice v\u016fbec - Surtub\" width=\"1920\" height=\"750\" srcset=\"https:\/\/srtub.com\/wp-content\/uploads\/2023\/07\/Best-Silicone-Tube-Ever-Srtub-3-18x7.jpg 18w, https:\/\/srtub.com\/wp-content\/uploads\/2023\/07\/Best-Silicone-Tube-Ever-Srtub-3-200x78.jpg 200w, https:\/\/srtub.com\/wp-content\/uploads\/2023\/07\/Best-Silicone-Tube-Ever-Srtub-3-300x117.jpg 300w, https:\/\/srtub.com\/wp-content\/uploads\/2023\/07\/Best-Silicone-Tube-Ever-Srtub-3-400x156.jpg 400w, https:\/\/srtub.com\/wp-content\/uploads\/2023\/07\/Best-Silicone-Tube-Ever-Srtub-3-500x195.jpg 500w, https:\/\/srtub.com\/wp-content\/uploads\/2023\/07\/Best-Silicone-Tube-Ever-Srtub-3-600x234.jpg 600w, https:\/\/srtub.com\/wp-content\/uploads\/2023\/07\/Best-Silicone-Tube-Ever-Srtub-3-700x273.jpg 700w, https:\/\/srtub.com\/wp-content\/uploads\/2023\/07\/Best-Silicone-Tube-Ever-Srtub-3-768x300.jpg 768w, https:\/\/srtub.com\/wp-content\/uploads\/2023\/07\/Best-Silicone-Tube-Ever-Srtub-3-800x313.jpg 800w, https:\/\/srtub.com\/wp-content\/uploads\/2023\/07\/Best-Silicone-Tube-Ever-Srtub-3-1024x400.jpg 1024w, https:\/\/srtub.com\/wp-content\/uploads\/2023\/07\/Best-Silicone-Tube-Ever-Srtub-3-1200x469.jpg 1200w, https:\/\/srtub.com\/wp-content\/uploads\/2023\/07\/Best-Silicone-Tube-Ever-Srtub-3-1536x600.jpg 1536w, https:\/\/srtub.com\/wp-content\/uploads\/2023\/07\/Best-Silicone-Tube-Ever-Srtub-3.jpg 1920w\" sizes=\"(max-width: 1920px) 100vw, 1920px\" \/><p id=\"caption-attachment-23\" class=\"wp-caption-text\"><strong><span style=\"color: #000000;\">Pro\u010d si vybrat Srtub?<\/span><\/strong><\/p><\/div>\n<div id=\"attachment_48\" style=\"width: 760px\" class=\"wp-caption alignnone\"><img loading=\"lazy\" decoding=\"async\" aria-describedby=\"caption-attachment-48\" class=\"wp-image-48 size-full\" src=\"https:\/\/srtub.com\/wp-content\/uploads\/2023\/07\/Srtub-Silicone-Tube-Factory-4.jpg\" alt=\"Srtub Silicone Tube Factory\" width=\"750\" height=\"617\" srcset=\"https:\/\/srtub.com\/wp-content\/uploads\/2023\/07\/Srtub-Silicone-Tube-Factory-4-15x12.jpg 15w, https:\/\/srtub.com\/wp-content\/uploads\/2023\/07\/Srtub-Silicone-Tube-Factory-4-200x165.jpg 200w, https:\/\/srtub.com\/wp-content\/uploads\/2023\/07\/Srtub-Silicone-Tube-Factory-4-300x247.jpg 300w, https:\/\/srtub.com\/wp-content\/uploads\/2023\/07\/Srtub-Silicone-Tube-Factory-4-400x329.jpg 400w, https:\/\/srtub.com\/wp-content\/uploads\/2023\/07\/Srtub-Silicone-Tube-Factory-4-500x411.jpg 500w, https:\/\/srtub.com\/wp-content\/uploads\/2023\/07\/Srtub-Silicone-Tube-Factory-4-600x494.jpg 600w, https:\/\/srtub.com\/wp-content\/uploads\/2023\/07\/Srtub-Silicone-Tube-Factory-4-700x576.jpg 700w, https:\/\/srtub.com\/wp-content\/uploads\/2023\/07\/Srtub-Silicone-Tube-Factory-4.jpg 750w\" sizes=\"(max-width: 750px) 100vw, 750px\" \/><p id=\"caption-attachment-48\" class=\"wp-caption-text\"><span style=\"color: #000000;\"><strong>Srtub Silikonov\u00e9 trubice Balen\u00ed a doprava<\/strong><\/span><\/p><\/div>\n<div id=\"attachment_49\" style=\"width: 800px\" class=\"wp-caption alignnone\"><img loading=\"lazy\" decoding=\"async\" aria-describedby=\"caption-attachment-49\" class=\"wp-image-49 size-full\" src=\"https:\/\/srtub.com\/wp-content\/uploads\/2023\/07\/Srtub-Silicone-Tube-Factory-5.jpg\" alt=\"Srtub Silicone Tube Factory\" width=\"790\" height=\"816\" srcset=\"https:\/\/srtub.com\/wp-content\/uploads\/2023\/07\/Srtub-Silicone-Tube-Factory-5-12x12.jpg 12w, https:\/\/srtub.com\/wp-content\/uploads\/2023\/07\/Srtub-Silicone-Tube-Factory-5-200x207.jpg 200w, https:\/\/srtub.com\/wp-content\/uploads\/2023\/07\/Srtub-Silicone-Tube-Factory-5-290x300.jpg 290w, https:\/\/srtub.com\/wp-content\/uploads\/2023\/07\/Srtub-Silicone-Tube-Factory-5-400x413.jpg 400w, https:\/\/srtub.com\/wp-content\/uploads\/2023\/07\/Srtub-Silicone-Tube-Factory-5-500x516.jpg 500w, https:\/\/srtub.com\/wp-content\/uploads\/2023\/07\/Srtub-Silicone-Tube-Factory-5-600x620.jpg 600w, https:\/\/srtub.com\/wp-content\/uploads\/2023\/07\/Srtub-Silicone-Tube-Factory-5-700x723.jpg 700w, https:\/\/srtub.com\/wp-content\/uploads\/2023\/07\/Srtub-Silicone-Tube-Factory-5-768x793.jpg 768w, https:\/\/srtub.com\/wp-content\/uploads\/2023\/07\/Srtub-Silicone-Tube-Factory-5.jpg 790w\" sizes=\"(max-width: 790px) 100vw, 790px\" \/><p id=\"caption-attachment-49\" class=\"wp-caption-text\"><strong>\u010casto kladen\u00e9 ot\u00e1zky<\/strong><\/p><\/div><\/p>\n<p>1.  Mohu z\u00edskat vzorek?<br \/>\nAno, m\u016f\u017eeme v\u00e1m poskytnout st\u00e1vaj\u00edc\u00ed vzorek zdarma, ale mal\u00fd vzorek poplatek za vlastn\u00ed design, nov\u00ed z\u00e1kazn\u00edci se o\u010dek\u00e1v\u00e1, \u017ee zaplat\u00ed za n\u00e1klady na doru\u010den\u00ed, a vzorek poplatek bude ode\u010dten z platby za form\u00e1ln\u00ed objedn\u00e1vky.<br \/>\n2. Jak dlouh\u00e1 je doba dod\u00e1n\u00ed vzorku?<br \/>\nU st\u00e1vaj\u00edc\u00edch produkt\u016f to trv\u00e1 1-2 dny; pokud chcete sv\u016fj n\u00e1vrh, m\u016f\u017ee to trvat 3-5 dn\u00ed v z\u00e1vislosti na obsahu n\u00e1vrhu.<br \/>\n3.  Jak je to s kontrolou kvality va\u0161ich v\u00fdrobk\u016f?<br \/>\nNa\u0161e odd\u011blen\u00ed kontroly kvality je vybaveno profesion\u00e1ln\u00edm t\u00fdmem kontroly kvality.  \"Kvalita na prvn\u00edm m\u00edst\u011b, zam\u011b\u0159en\u00ed na z\u00e1kazn\u00edka\" je na\u0161\u00ed politikou kvality a v cel\u00e9m na\u0161em z\u00e1vod\u011b prov\u00e1d\u00edme vstupn\u00ed kontrolu kvality \/ kontrolu kvality v procesu \/ v\u00fdstupn\u00ed kontrolu kvality.<br \/>\n4.  Pro\u010d bych si m\u011bl koupit va\u0161i silikonovou trubi\u010dku?<br \/>\nNa\u0161e silikonov\u00e9 trubice nab\u00edzej\u00ed vynikaj\u00edc\u00ed kvalitu, rozumnou cenu, dobr\u00fd poprodejn\u00ed servis a zaji\u0161t\u011bn\u00ed kvality.<br \/>\nWhatsApp\/Wechat: +86 13075286997<br \/>\nE-mail: sales@srtub.com<\/p>\n<\/div>\n<div class=\"wpcf7 no-js\" id=\"wpcf7-f57-o1\" lang=\"en-US\" dir=\"ltr\" data-wpcf7-id=\"57\">\n<div class=\"screen-reader-response\"><p role=\"status\" aria-live=\"polite\" aria-atomic=\"true\"><\/p> <ul><\/ul><\/div>\n<form action=\"\/cs\/wp-json\/wp\/v2\/pages\/26#wpcf7-f57-o1\" method=\"post\" class=\"wpcf7-form init\" aria-label=\"Kontaktn\u00ed formul\u00e1\u0159\" novalidate=\"novalidate\" data-status=\"init\" data-trp-original-action=\"\/cs\/wp-json\/wp\/v2\/pages\/26#wpcf7-f57-o1\">\n<fieldset class=\"hidden-fields-container\"><input type=\"hidden\" name=\"_wpcf7\" value=\"57\" \/><input type=\"hidden\" name=\"_wpcf7_version\" value=\"6.1.2\" \/><input type=\"hidden\" name=\"_wpcf7_locale\" value=\"en_US\" \/><input type=\"hidden\" name=\"_wpcf7_unit_tag\" value=\"wpcf7-f57-o1\" \/><input type=\"hidden\" name=\"_wpcf7_container_post\" value=\"0\" \/><input type=\"hidden\" name=\"_wpcf7_posted_data_hash\" value=\"\" \/>\n<\/fieldset>\n<p><label> N\u00e1zev<br \/>\n<span class=\"wpcf7-form-control-wrap\" data-name=\"your-name\"><input size=\"40\" maxlength=\"400\" class=\"wpcf7-form-control wpcf7-text wpcf7-validates-as-required\" aria-required=\"true\" aria-invalid=\"false\" value=\"\" type=\"text\" name=\"your-name\" \/><\/span> <\/label>\n<\/p>\n<p><label> E-mail<br \/>\n<span class=\"wpcf7-form-control-wrap\" data-name=\"your-email\"><input size=\"40\" maxlength=\"400\" class=\"wpcf7-form-control wpcf7-email wpcf7-validates-as-required wpcf7-text wpcf7-validates-as-email\" aria-required=\"true\" aria-invalid=\"false\" value=\"\" type=\"email\" name=\"your-email\" \/><\/span> <\/label>\n<\/p>\n<p><label> Telefon<br \/>\n<span class=\"wpcf7-form-control-wrap\" data-name=\"your-phone\"><input size=\"40\" maxlength=\"400\" class=\"wpcf7-form-control wpcf7-text wpcf7-validates-as-required\" aria-required=\"true\" aria-invalid=\"false\" value=\"\" type=\"text\" name=\"your-phone\" \/><\/span> <\/label>\n<\/p>\n<p><label> Zpr\u00e1va<br \/>\n<span class=\"wpcf7-form-control-wrap\" data-name=\"your-message\"><textarea cols=\"40\" rows=\"10\" maxlength=\"2000\" class=\"wpcf7-form-control wpcf7-textarea\" aria-invalid=\"false\" name=\"your-message\"><\/textarea><\/span> <\/label>\n<\/p>\n<p><input class=\"wpcf7-form-control wpcf7-submit has-spinner\" type=\"submit\" value=\"Vyst\u0159elte sv\u016fj dotaz\" \/>\n<\/p><p style=\"display: none !important;\" class=\"akismet-fields-container\" data-prefix=\"_wpcf7_ak_\"><label>&#916;<textarea name=\"_wpcf7_ak_hp_textarea\" cols=\"45\" rows=\"8\" maxlength=\"100\"><\/textarea><\/label><input type=\"hidden\" id=\"ak_js_1\" name=\"_wpcf7_ak_js\" value=\"238\"\/><script>document.getElementById( \"ak_js_1\" ).setAttribute( \"value\", ( new Date() ).getTime() );<\/script><\/p><div class=\"fusion-alert alert custom alert-custom fusion-alert-center wpcf7-response-output awb-alert-native-link-color alert-dismissable awb-alert-close-boxed\" style=\"--awb-border-size:1px;--awb-border-top-left-radius:0px;--awb-border-top-right-radius:0px;--awb-border-bottom-left-radius:0px;--awb-border-bottom-right-radius:0px;\" role=\"alert\"><div class=\"fusion-alert-content-wrapper\"><span class=\"fusion-alert-content\"><\/span><\/div><button type=\"button\" class=\"close toggle-alert\" data-dismiss=\"alert\" aria-label=\"Zav\u0159\u00edt\">\u00d7<\/button><\/div>\n<input type=\"hidden\" name=\"trp-form-language\" value=\"cs\"\/><\/form>\n<\/div>\n<\/div><\/div><\/div><\/div>","protected":false},"excerpt":{"rendered":"","protected":false},"author":1,"featured_media":0,"parent":0,"menu_order":0,"comment_status":"closed","ping_status":"closed","template":"","meta":{"_joinchat":{"view":"yes"},"footnotes":""},"class_list":["post-26","page","type-page","status-publish","hentry"],"jetpack_sharing_enabled":true,"_links":{"self":[{"href":"https:\/\/srtub.com\/cs\/wp-json\/wp\/v2\/pages\/26","targetHints":{"allow":["GET"]}}],"collection":[{"href":"https:\/\/srtub.com\/cs\/wp-json\/wp\/v2\/pages"}],"about":[{"href":"https:\/\/srtub.com\/cs\/wp-json\/wp\/v2\/types\/page"}],"author":[{"embeddable":true,"href":"https:\/\/srtub.com\/cs\/wp-json\/wp\/v2\/users\/1"}],"replies":[{"embeddable":true,"href":"https:\/\/srtub.com\/cs\/wp-json\/wp\/v2\/comments?post=26"}],"version-history":[{"count":7,"href":"https:\/\/srtub.com\/cs\/wp-json\/wp\/v2\/pages\/26\/revisions"}],"predecessor-version":[{"id":523,"href":"https:\/\/srtub.com\/cs\/wp-json\/wp\/v2\/pages\/26\/revisions\/523"}],"wp:attachment":[{"href":"https:\/\/srtub.com\/cs\/wp-json\/wp\/v2\/media?parent=26"}],"curies":[{"name":"wp","href":"https:\/\/api.w.org\/{rel}","templated":true}]}}