{"id":31,"date":"2023-07-16T03:19:25","date_gmt":"2023-07-16T03:19:25","guid":{"rendered":"https:\/\/srtub.com\/?page_id=31"},"modified":"2024-07-03T02:47:49","modified_gmt":"2024-07-03T02:47:49","slug":"kontakt-srtub","status":"publish","type":"page","link":"https:\/\/srtub.com\/da\/kontakt-srtub\/","title":{"rendered":"Kontakt Srtub"},"content":{"rendered":"<div class=\"fusion-fullwidth fullwidth-box fusion-builder-row-1 fusion-flex-container nonhundred-percent-fullwidth non-hundred-percent-height-scrolling\" style=\"--awb-border-radius-top-left:0px;--awb-border-radius-top-right:0px;--awb-border-radius-bottom-right:0px;--awb-border-radius-bottom-left:0px;--awb-flex-wrap:wrap;\" ><div class=\"fusion-builder-row fusion-row fusion-flex-align-items-flex-start fusion-flex-content-wrap\" style=\"max-width:1248px;margin-left: calc(-4% \/ 2 );margin-right: calc(-4% \/ 2 );\"><div class=\"fusion-layout-column fusion_builder_column fusion-builder-column-0 fusion_builder_column_1_1 1_1 fusion-flex-column\" style=\"--awb-bg-size:cover;--awb-width-large:100%;--awb-margin-top-large:0px;--awb-spacing-right-large:1.92%;--awb-margin-bottom-large:0px;--awb-spacing-left-large:1.92%;--awb-width-medium:100%;--awb-spacing-right-medium:1.92%;--awb-spacing-left-medium:1.92%;--awb-width-small:100%;--awb-spacing-right-small:1.92%;--awb-spacing-left-small:1.92%;\"><div class=\"fusion-column-wrapper fusion-flex-justify-content-flex-start fusion-content-layout-column\"><div class=\"fusion-text fusion-text-1\"><p>WhatsApp\/Wechat: +86 13075286997<br \/>\nE-mail: sales@srtub.com<\/p>\n<p style=\"text-align: center;\">\n<\/div>\n<div class=\"wpcf7 no-js\" id=\"wpcf7-f57-o1\" lang=\"en-US\" dir=\"ltr\" data-wpcf7-id=\"57\">\n<div class=\"screen-reader-response\"><p role=\"status\" aria-live=\"polite\" aria-atomic=\"true\"><\/p> <ul><\/ul><\/div>\n<form action=\"\/da\/wp-json\/wp\/v2\/pages\/31#wpcf7-f57-o1\" method=\"post\" class=\"wpcf7-form init\" aria-label=\"Kontaktformular\" novalidate=\"novalidate\" data-status=\"init\" data-trp-original-action=\"\/da\/wp-json\/wp\/v2\/pages\/31#wpcf7-f57-o1\">\n<fieldset class=\"hidden-fields-container\"><input type=\"hidden\" name=\"_wpcf7\" value=\"57\" \/><input type=\"hidden\" name=\"_wpcf7_version\" value=\"6.1.2\" \/><input type=\"hidden\" name=\"_wpcf7_locale\" value=\"en_US\" \/><input type=\"hidden\" name=\"_wpcf7_unit_tag\" value=\"wpcf7-f57-o1\" \/><input type=\"hidden\" name=\"_wpcf7_container_post\" value=\"0\" \/><input type=\"hidden\" name=\"_wpcf7_posted_data_hash\" value=\"\" \/>\n<\/fieldset>\n<p><label> Navn<br \/>\n<span class=\"wpcf7-form-control-wrap\" data-name=\"your-name\"><input size=\"40\" maxlength=\"400\" class=\"wpcf7-form-control wpcf7-text wpcf7-validates-as-required\" aria-required=\"true\" aria-invalid=\"false\" value=\"\" type=\"text\" name=\"your-name\" \/><\/span> <\/label>\n<\/p>\n<p><label> E-mail<br \/>\n<span class=\"wpcf7-form-control-wrap\" data-name=\"your-email\"><input size=\"40\" maxlength=\"400\" class=\"wpcf7-form-control wpcf7-email wpcf7-validates-as-required wpcf7-text wpcf7-validates-as-email\" aria-required=\"true\" aria-invalid=\"false\" value=\"\" type=\"email\" name=\"your-email\" \/><\/span> <\/label>\n<\/p>\n<p><label> Telefon<br \/>\n<span class=\"wpcf7-form-control-wrap\" data-name=\"your-phone\"><input size=\"40\" maxlength=\"400\" class=\"wpcf7-form-control wpcf7-text wpcf7-validates-as-required\" aria-required=\"true\" aria-invalid=\"false\" value=\"\" type=\"text\" name=\"your-phone\" \/><\/span> <\/label>\n<\/p>\n<p><label> Besked<br \/>\n<span class=\"wpcf7-form-control-wrap\" data-name=\"your-message\"><textarea cols=\"40\" rows=\"10\" maxlength=\"2000\" class=\"wpcf7-form-control wpcf7-textarea\" aria-invalid=\"false\" name=\"your-message\"><\/textarea><\/span> <\/label>\n<\/p>\n<p><input class=\"wpcf7-form-control wpcf7-submit has-spinner\" type=\"submit\" value=\"Send din foresp\u00f8rgsel\" \/>\n<\/p><p style=\"display: none !important;\" class=\"akismet-fields-container\" data-prefix=\"_wpcf7_ak_\"><label>&#916;<textarea name=\"_wpcf7_ak_hp_textarea\" cols=\"45\" rows=\"8\" maxlength=\"100\"><\/textarea><\/label><input type=\"hidden\" id=\"ak_js_1\" name=\"_wpcf7_ak_js\" value=\"51\"\/><script>document.getElementById( \"ak_js_1\" ).setAttribute( \"value\", ( new Date() ).getTime() );<\/script><\/p><div class=\"fusion-alert alert custom alert-custom fusion-alert-center wpcf7-response-output awb-alert-native-link-color alert-dismissable awb-alert-close-boxed\" style=\"--awb-border-size:1px;--awb-border-top-left-radius:0px;--awb-border-top-right-radius:0px;--awb-border-bottom-left-radius:0px;--awb-border-bottom-right-radius:0px;\" role=\"alert\"><div class=\"fusion-alert-content-wrapper\"><span class=\"fusion-alert-content\"><\/span><\/div><button type=\"button\" class=\"close toggle-alert\" data-dismiss=\"alert\" aria-label=\"Luk\">\u00d7<\/button><\/div>\n<input type=\"hidden\" name=\"trp-form-language\" value=\"da\"\/><\/form>\n<\/div>\n<div class=\"fusion-text fusion-text-2\"><h2 style=\"text-align: center;\">\u00a0 \u00a0 \u00a0 \u00a0 \u00a0<strong>Srtub Silikone R\u00f8r Fabrik<\/strong><\/h2>\n<p>Mere end 22+ \u00e5rs erfaring-Srtub Silicone Tube Factory er en virksomhed, der har specialiseret sig i F&amp;U, produktion og salg af forskellige pr\u00e6cisionssilikoneprodukter af h\u00f8j kvalitet og har best\u00e5et BV-certificering med sin egen fabrik.<\/p>\n<p>Srtub har komplette certifikater. Vores medicinske silikoneslange og peristaltiske pumpesilikoneslange er ekstruderet med importerede platinh\u00e6rdede silikongummir\u00e5materialer.<\/p>\n<p>Vores hovedprodukter omfatter silikoneslanger i f\u00f8devarekvalitet, medicinske silikoneslanger, silikoneslanger til peristaltiske pumper, st\u00f8bte produkter og andre silikoneslanger.<\/p>\n<p>Den professionelle tilpasning af forskellige silikoner\u00f8r, s\u00e5som silikoner\u00f8r af medicinsk kvalitet, silikoner\u00f8r af f\u00f8devarekvalitet, peristaltiske pumper\u00f8r, LED-sleeves, industrielle silikoner\u00f8r osv.<\/p>\n<p>Vores virksomhed kan ogs\u00e5 producere silikone t\u00e6tningsringe, silikone belastningsb\u00e6lter,<br \/>\nsilikonestrimler, st\u00f8bte silikoneprodukter (silikoneisbakker, silikonefolie),<br \/>\nsilikoneform osv.<\/p>\n<p>Vi har et langvarigt samarbejde med mere end 5000 partnere fra hele verden.<br \/>\nS\u00e5 l\u00e6nge du kommer til os med dine behov, vil vi g\u00f8re vores bedste for at skabe uendelige muligheder!<\/p>\n<p><img fetchpriority=\"high\" decoding=\"async\" class=\"alignnone wp-image-21 size-full\" src=\"https:\/\/srtub.com\/wp-content\/uploads\/2023\/07\/Best-Silicone-Tube-Ever-Srtub-1.jpg\" alt=\"Den bedste silikoneslange nogensinde - Srtub\" width=\"1920\" height=\"750\" srcset=\"https:\/\/srtub.com\/wp-content\/uploads\/2023\/07\/Best-Silicone-Tube-Ever-Srtub-1-18x7.jpg 18w, https:\/\/srtub.com\/wp-content\/uploads\/2023\/07\/Best-Silicone-Tube-Ever-Srtub-1-200x78.jpg 200w, https:\/\/srtub.com\/wp-content\/uploads\/2023\/07\/Best-Silicone-Tube-Ever-Srtub-1-300x117.jpg 300w, https:\/\/srtub.com\/wp-content\/uploads\/2023\/07\/Best-Silicone-Tube-Ever-Srtub-1-400x156.jpg 400w, https:\/\/srtub.com\/wp-content\/uploads\/2023\/07\/Best-Silicone-Tube-Ever-Srtub-1-500x195.jpg 500w, https:\/\/srtub.com\/wp-content\/uploads\/2023\/07\/Best-Silicone-Tube-Ever-Srtub-1-600x234.jpg 600w, https:\/\/srtub.com\/wp-content\/uploads\/2023\/07\/Best-Silicone-Tube-Ever-Srtub-1-700x273.jpg 700w, https:\/\/srtub.com\/wp-content\/uploads\/2023\/07\/Best-Silicone-Tube-Ever-Srtub-1-768x300.jpg 768w, https:\/\/srtub.com\/wp-content\/uploads\/2023\/07\/Best-Silicone-Tube-Ever-Srtub-1-800x313.jpg 800w, https:\/\/srtub.com\/wp-content\/uploads\/2023\/07\/Best-Silicone-Tube-Ever-Srtub-1-1024x400.jpg 1024w, https:\/\/srtub.com\/wp-content\/uploads\/2023\/07\/Best-Silicone-Tube-Ever-Srtub-1-1200x469.jpg 1200w, https:\/\/srtub.com\/wp-content\/uploads\/2023\/07\/Best-Silicone-Tube-Ever-Srtub-1-1536x600.jpg 1536w, https:\/\/srtub.com\/wp-content\/uploads\/2023\/07\/Best-Silicone-Tube-Ever-Srtub-1.jpg 1920w\" sizes=\"(max-width: 1920px) 100vw, 1920px\" \/><\/p>\n<p><img decoding=\"async\" class=\"alignnone wp-image-22 size-full\" src=\"https:\/\/srtub.com\/wp-content\/uploads\/2023\/07\/Best-Silicone-Tube-Ever-Srtub-2.jpg\" alt=\"Den bedste silikoneslange nogensinde - Srtub\" width=\"1920\" height=\"750\" srcset=\"https:\/\/srtub.com\/wp-content\/uploads\/2023\/07\/Best-Silicone-Tube-Ever-Srtub-2-18x7.jpg 18w, https:\/\/srtub.com\/wp-content\/uploads\/2023\/07\/Best-Silicone-Tube-Ever-Srtub-2-200x78.jpg 200w, https:\/\/srtub.com\/wp-content\/uploads\/2023\/07\/Best-Silicone-Tube-Ever-Srtub-2-300x117.jpg 300w, https:\/\/srtub.com\/wp-content\/uploads\/2023\/07\/Best-Silicone-Tube-Ever-Srtub-2-400x156.jpg 400w, https:\/\/srtub.com\/wp-content\/uploads\/2023\/07\/Best-Silicone-Tube-Ever-Srtub-2-500x195.jpg 500w, https:\/\/srtub.com\/wp-content\/uploads\/2023\/07\/Best-Silicone-Tube-Ever-Srtub-2-600x234.jpg 600w, https:\/\/srtub.com\/wp-content\/uploads\/2023\/07\/Best-Silicone-Tube-Ever-Srtub-2-700x273.jpg 700w, https:\/\/srtub.com\/wp-content\/uploads\/2023\/07\/Best-Silicone-Tube-Ever-Srtub-2-768x300.jpg 768w, https:\/\/srtub.com\/wp-content\/uploads\/2023\/07\/Best-Silicone-Tube-Ever-Srtub-2-800x313.jpg 800w, https:\/\/srtub.com\/wp-content\/uploads\/2023\/07\/Best-Silicone-Tube-Ever-Srtub-2-1024x400.jpg 1024w, https:\/\/srtub.com\/wp-content\/uploads\/2023\/07\/Best-Silicone-Tube-Ever-Srtub-2-1200x469.jpg 1200w, https:\/\/srtub.com\/wp-content\/uploads\/2023\/07\/Best-Silicone-Tube-Ever-Srtub-2-1536x600.jpg 1536w, https:\/\/srtub.com\/wp-content\/uploads\/2023\/07\/Best-Silicone-Tube-Ever-Srtub-2.jpg 1920w\" sizes=\"(max-width: 1920px) 100vw, 1920px\" \/><\/p>\n<h4><strong>Srtub Factory Scale<\/strong><\/h4>\n<p>Vi er udstyret med 1000 m\u00b2 medicinsk renrum i 100.000-klassen og 1500 m\u00b2 standardrent v\u00e6rksted.<\/p>\n<h4><strong>Produktkvalitet<\/strong><\/h4>\n<p>Strengt tilsyn med kvalitetskontrol af r\u00e5varer, produktion og produktkvalitet for at sikre, at produkternes best\u00e5elsesprocent er over 98%.<\/p>\n<h4><strong>Srtub forretningsomr\u00e5de<\/strong><\/h4>\n<p>Vores hovedprodukter omfatter silikoneslanger til f\u00f8devarer, medicinske silikoneslanger, silikoneslanger til peristaltiske pumper, st\u00f8bte produkter og andre silikoneprodukter.<\/p>\n<h4><strong>Srtub team<\/strong><\/h4>\n<p>Med filosofien om \"professionel, pr\u00e6cision, h\u00f8j effektivitet, h\u00f8j kvalitet, innovation og integritetstjenester\" holder vi os altid til kundeservice.<\/p>\n<p><img decoding=\"async\" class=\"alignnone wp-image-45 size-full\" src=\"https:\/\/srtub.com\/wp-content\/uploads\/2023\/07\/Srtub-Silicone-Tube-Factory-1.jpg\" alt=\"Srtub Silikone R\u00f8r Fabrik\" width=\"800\" height=\"800\" srcset=\"https:\/\/srtub.com\/wp-content\/uploads\/2023\/07\/Srtub-Silicone-Tube-Factory-1-12x12.jpg 12w, https:\/\/srtub.com\/wp-content\/uploads\/2023\/07\/Srtub-Silicone-Tube-Factory-1-66x66.jpg 66w, https:\/\/srtub.com\/wp-content\/uploads\/2023\/07\/Srtub-Silicone-Tube-Factory-1-150x150.jpg 150w, https:\/\/srtub.com\/wp-content\/uploads\/2023\/07\/Srtub-Silicone-Tube-Factory-1-200x200.jpg 200w, https:\/\/srtub.com\/wp-content\/uploads\/2023\/07\/Srtub-Silicone-Tube-Factory-1-300x300.jpg 300w, https:\/\/srtub.com\/wp-content\/uploads\/2023\/07\/Srtub-Silicone-Tube-Factory-1-400x400.jpg 400w, https:\/\/srtub.com\/wp-content\/uploads\/2023\/07\/Srtub-Silicone-Tube-Factory-1-500x500.jpg 500w, https:\/\/srtub.com\/wp-content\/uploads\/2023\/07\/Srtub-Silicone-Tube-Factory-1-600x600.jpg 600w, https:\/\/srtub.com\/wp-content\/uploads\/2023\/07\/Srtub-Silicone-Tube-Factory-1-700x700.jpg 700w, https:\/\/srtub.com\/wp-content\/uploads\/2023\/07\/Srtub-Silicone-Tube-Factory-1-768x768.jpg 768w, https:\/\/srtub.com\/wp-content\/uploads\/2023\/07\/Srtub-Silicone-Tube-Factory-1.jpg 800w\" sizes=\"(max-width: 800px) 100vw, 800px\" \/><\/p>\n<p><img loading=\"lazy\" decoding=\"async\" class=\"alignnone wp-image-46 size-full\" src=\"https:\/\/srtub.com\/wp-content\/uploads\/2023\/07\/Srtub-Silicone-Tube-Factory-2.jpg\" alt=\"Srtub Silikone R\u00f8r Fabrik\" width=\"784\" height=\"960\" srcset=\"https:\/\/srtub.com\/wp-content\/uploads\/2023\/07\/Srtub-Silicone-Tube-Factory-2-10x12.jpg 10w, https:\/\/srtub.com\/wp-content\/uploads\/2023\/07\/Srtub-Silicone-Tube-Factory-2-200x245.jpg 200w, https:\/\/srtub.com\/wp-content\/uploads\/2023\/07\/Srtub-Silicone-Tube-Factory-2-245x300.jpg 245w, https:\/\/srtub.com\/wp-content\/uploads\/2023\/07\/Srtub-Silicone-Tube-Factory-2-400x490.jpg 400w, https:\/\/srtub.com\/wp-content\/uploads\/2023\/07\/Srtub-Silicone-Tube-Factory-2-500x612.jpg 500w, https:\/\/srtub.com\/wp-content\/uploads\/2023\/07\/Srtub-Silicone-Tube-Factory-2-600x735.jpg 600w, https:\/\/srtub.com\/wp-content\/uploads\/2023\/07\/Srtub-Silicone-Tube-Factory-2-700x857.jpg 700w, https:\/\/srtub.com\/wp-content\/uploads\/2023\/07\/Srtub-Silicone-Tube-Factory-2-768x940.jpg 768w, https:\/\/srtub.com\/wp-content\/uploads\/2023\/07\/Srtub-Silicone-Tube-Factory-2.jpg 784w\" sizes=\"(max-width: 784px) 100vw, 784px\" \/><\/p>\n<p><div id=\"attachment_47\" style=\"width: 810px\" class=\"wp-caption alignnone\"><img loading=\"lazy\" decoding=\"async\" aria-describedby=\"caption-attachment-47\" class=\"wp-image-47 size-full\" src=\"https:\/\/srtub.com\/wp-content\/uploads\/2023\/07\/Srtub-Silicone-Tube-Factory-3.jpg\" alt=\"Srtub Silikone R\u00f8r Fabrik\" width=\"800\" height=\"800\" srcset=\"https:\/\/srtub.com\/wp-content\/uploads\/2023\/07\/Srtub-Silicone-Tube-Factory-3-12x12.jpg 12w, https:\/\/srtub.com\/wp-content\/uploads\/2023\/07\/Srtub-Silicone-Tube-Factory-3-66x66.jpg 66w, https:\/\/srtub.com\/wp-content\/uploads\/2023\/07\/Srtub-Silicone-Tube-Factory-3-150x150.jpg 150w, https:\/\/srtub.com\/wp-content\/uploads\/2023\/07\/Srtub-Silicone-Tube-Factory-3-200x200.jpg 200w, https:\/\/srtub.com\/wp-content\/uploads\/2023\/07\/Srtub-Silicone-Tube-Factory-3-300x300.jpg 300w, https:\/\/srtub.com\/wp-content\/uploads\/2023\/07\/Srtub-Silicone-Tube-Factory-3-400x400.jpg 400w, https:\/\/srtub.com\/wp-content\/uploads\/2023\/07\/Srtub-Silicone-Tube-Factory-3-500x500.jpg 500w, https:\/\/srtub.com\/wp-content\/uploads\/2023\/07\/Srtub-Silicone-Tube-Factory-3-600x600.jpg 600w, https:\/\/srtub.com\/wp-content\/uploads\/2023\/07\/Srtub-Silicone-Tube-Factory-3-700x700.jpg 700w, https:\/\/srtub.com\/wp-content\/uploads\/2023\/07\/Srtub-Silicone-Tube-Factory-3-768x768.jpg 768w, https:\/\/srtub.com\/wp-content\/uploads\/2023\/07\/Srtub-Silicone-Tube-Factory-3.jpg 800w\" sizes=\"(max-width: 800px) 100vw, 800px\" \/><p id=\"caption-attachment-47\" class=\"wp-caption-text\"><span style=\"color: #000000;\"><strong>Srtub Partners<\/strong><\/span><\/p><\/div>\n<div id=\"attachment_23\" style=\"width: 1930px\" class=\"wp-caption alignnone\"><img loading=\"lazy\" decoding=\"async\" aria-describedby=\"caption-attachment-23\" class=\"wp-image-23 size-full\" src=\"https:\/\/srtub.com\/wp-content\/uploads\/2023\/07\/Best-Silicone-Tube-Ever-Srtub-3.jpg\" alt=\"Den bedste silikoneslange nogensinde - Srtub\" width=\"1920\" height=\"750\" srcset=\"https:\/\/srtub.com\/wp-content\/uploads\/2023\/07\/Best-Silicone-Tube-Ever-Srtub-3-18x7.jpg 18w, https:\/\/srtub.com\/wp-content\/uploads\/2023\/07\/Best-Silicone-Tube-Ever-Srtub-3-200x78.jpg 200w, https:\/\/srtub.com\/wp-content\/uploads\/2023\/07\/Best-Silicone-Tube-Ever-Srtub-3-300x117.jpg 300w, https:\/\/srtub.com\/wp-content\/uploads\/2023\/07\/Best-Silicone-Tube-Ever-Srtub-3-400x156.jpg 400w, https:\/\/srtub.com\/wp-content\/uploads\/2023\/07\/Best-Silicone-Tube-Ever-Srtub-3-500x195.jpg 500w, https:\/\/srtub.com\/wp-content\/uploads\/2023\/07\/Best-Silicone-Tube-Ever-Srtub-3-600x234.jpg 600w, https:\/\/srtub.com\/wp-content\/uploads\/2023\/07\/Best-Silicone-Tube-Ever-Srtub-3-700x273.jpg 700w, https:\/\/srtub.com\/wp-content\/uploads\/2023\/07\/Best-Silicone-Tube-Ever-Srtub-3-768x300.jpg 768w, https:\/\/srtub.com\/wp-content\/uploads\/2023\/07\/Best-Silicone-Tube-Ever-Srtub-3-800x313.jpg 800w, https:\/\/srtub.com\/wp-content\/uploads\/2023\/07\/Best-Silicone-Tube-Ever-Srtub-3-1024x400.jpg 1024w, https:\/\/srtub.com\/wp-content\/uploads\/2023\/07\/Best-Silicone-Tube-Ever-Srtub-3-1200x469.jpg 1200w, https:\/\/srtub.com\/wp-content\/uploads\/2023\/07\/Best-Silicone-Tube-Ever-Srtub-3-1536x600.jpg 1536w, https:\/\/srtub.com\/wp-content\/uploads\/2023\/07\/Best-Silicone-Tube-Ever-Srtub-3.jpg 1920w\" sizes=\"(max-width: 1920px) 100vw, 1920px\" \/><p id=\"caption-attachment-23\" class=\"wp-caption-text\"><strong><span style=\"color: #000000;\">Hvorfor v\u00e6lge Srtub?<\/span><\/strong><\/p><\/div>\n<div id=\"attachment_48\" style=\"width: 760px\" class=\"wp-caption alignnone\"><img loading=\"lazy\" decoding=\"async\" aria-describedby=\"caption-attachment-48\" class=\"wp-image-48 size-full\" src=\"https:\/\/srtub.com\/wp-content\/uploads\/2023\/07\/Srtub-Silicone-Tube-Factory-4.jpg\" alt=\"Srtub Silikone R\u00f8r Fabrik\" width=\"750\" height=\"617\" srcset=\"https:\/\/srtub.com\/wp-content\/uploads\/2023\/07\/Srtub-Silicone-Tube-Factory-4-15x12.jpg 15w, https:\/\/srtub.com\/wp-content\/uploads\/2023\/07\/Srtub-Silicone-Tube-Factory-4-200x165.jpg 200w, https:\/\/srtub.com\/wp-content\/uploads\/2023\/07\/Srtub-Silicone-Tube-Factory-4-300x247.jpg 300w, https:\/\/srtub.com\/wp-content\/uploads\/2023\/07\/Srtub-Silicone-Tube-Factory-4-400x329.jpg 400w, https:\/\/srtub.com\/wp-content\/uploads\/2023\/07\/Srtub-Silicone-Tube-Factory-4-500x411.jpg 500w, https:\/\/srtub.com\/wp-content\/uploads\/2023\/07\/Srtub-Silicone-Tube-Factory-4-600x494.jpg 600w, https:\/\/srtub.com\/wp-content\/uploads\/2023\/07\/Srtub-Silicone-Tube-Factory-4-700x576.jpg 700w, https:\/\/srtub.com\/wp-content\/uploads\/2023\/07\/Srtub-Silicone-Tube-Factory-4.jpg 750w\" sizes=\"(max-width: 750px) 100vw, 750px\" \/><p id=\"caption-attachment-48\" class=\"wp-caption-text\"><span style=\"color: #000000;\"><strong>Srtub silikone r\u00f8r pakning og forsendelse<\/strong><\/span><\/p><\/div>\n<div id=\"attachment_49\" style=\"width: 800px\" class=\"wp-caption alignnone\"><img loading=\"lazy\" decoding=\"async\" aria-describedby=\"caption-attachment-49\" class=\"wp-image-49 size-full\" src=\"https:\/\/srtub.com\/wp-content\/uploads\/2023\/07\/Srtub-Silicone-Tube-Factory-5.jpg\" alt=\"Srtub Silikone R\u00f8r Fabrik\" width=\"790\" height=\"816\" srcset=\"https:\/\/srtub.com\/wp-content\/uploads\/2023\/07\/Srtub-Silicone-Tube-Factory-5-12x12.jpg 12w, https:\/\/srtub.com\/wp-content\/uploads\/2023\/07\/Srtub-Silicone-Tube-Factory-5-200x207.jpg 200w, https:\/\/srtub.com\/wp-content\/uploads\/2023\/07\/Srtub-Silicone-Tube-Factory-5-290x300.jpg 290w, https:\/\/srtub.com\/wp-content\/uploads\/2023\/07\/Srtub-Silicone-Tube-Factory-5-400x413.jpg 400w, https:\/\/srtub.com\/wp-content\/uploads\/2023\/07\/Srtub-Silicone-Tube-Factory-5-500x516.jpg 500w, https:\/\/srtub.com\/wp-content\/uploads\/2023\/07\/Srtub-Silicone-Tube-Factory-5-600x620.jpg 600w, https:\/\/srtub.com\/wp-content\/uploads\/2023\/07\/Srtub-Silicone-Tube-Factory-5-700x723.jpg 700w, https:\/\/srtub.com\/wp-content\/uploads\/2023\/07\/Srtub-Silicone-Tube-Factory-5-768x793.jpg 768w, https:\/\/srtub.com\/wp-content\/uploads\/2023\/07\/Srtub-Silicone-Tube-Factory-5.jpg 790w\" sizes=\"(max-width: 790px) 100vw, 790px\" \/><p id=\"caption-attachment-49\" class=\"wp-caption-text\"><strong>Srtub FAQ<\/strong><\/p><\/div><\/p>\n<p>1.  Kan jeg f\u00e5 en pr\u00f8ve?<br \/>\nJa, vi kan give dig en eksisterende pr\u00f8ve gratis, men en lille pr\u00f8veafgift for brugerdefineret design, nye kunder forventes at betale for leveringsomkostningerne, og pr\u00f8veafgiften tr\u00e6kkes fra betalingen for de formelle ordrer.<br \/>\n2. Hvor lang er leveringstiden for pr\u00f8ver?<br \/>\nFor eksisterende produkter tager det 1-2 dage; hvis du vil have dit design, kan det tage 3-5 dage afh\u00e6ngigt af dit designindhold.<br \/>\n3.  Hvad med jeres produktkvalitetskontrol?<br \/>\nVi har en QC-afdeling med et professionelt QC-team.  \"Kvalitet f\u00f8rst, kundefokus\" er vores kvalitetspolitik, og vi har indg\u00e5ende kvalitetskontrol \/ kvalitetskontrol i processen \/ udg\u00e5ende kvalitetskontrol i hele vores fabriksdrift.<br \/>\n4.  Hvorfor skal jeg k\u00f8be jeres silikoneslange?<br \/>\nVores silikoner\u00f8r tilbyder fremragende kvalitet, rimelig pris, god eftersalgsservice og kvalitetssikring.<br \/>\nWhatsApp\/Wechat: +86 13075286997<br \/>\nE-mail: sales@srtub.com<\/p>\n<\/div>\n<div class=\"wpcf7 no-js\" id=\"wpcf7-f57-o2\" lang=\"en-US\" dir=\"ltr\" data-wpcf7-id=\"57\">\n<div class=\"screen-reader-response\"><p role=\"status\" aria-live=\"polite\" aria-atomic=\"true\"><\/p> <ul><\/ul><\/div>\n<form action=\"\/da\/wp-json\/wp\/v2\/pages\/31#wpcf7-f57-o2\" method=\"post\" class=\"wpcf7-form init\" aria-label=\"Kontaktformular\" novalidate=\"novalidate\" data-status=\"init\" data-trp-original-action=\"\/da\/wp-json\/wp\/v2\/pages\/31#wpcf7-f57-o2\">\n<fieldset class=\"hidden-fields-container\"><input type=\"hidden\" name=\"_wpcf7\" value=\"57\" \/><input type=\"hidden\" name=\"_wpcf7_version\" value=\"6.1.2\" \/><input type=\"hidden\" name=\"_wpcf7_locale\" value=\"en_US\" \/><input type=\"hidden\" name=\"_wpcf7_unit_tag\" value=\"wpcf7-f57-o2\" \/><input type=\"hidden\" name=\"_wpcf7_container_post\" value=\"0\" \/><input type=\"hidden\" name=\"_wpcf7_posted_data_hash\" value=\"\" \/>\n<\/fieldset>\n<p><label> Navn<br \/>\n<span class=\"wpcf7-form-control-wrap\" data-name=\"your-name\"><input size=\"40\" maxlength=\"400\" class=\"wpcf7-form-control wpcf7-text wpcf7-validates-as-required\" aria-required=\"true\" aria-invalid=\"false\" value=\"\" type=\"text\" name=\"your-name\" \/><\/span> <\/label>\n<\/p>\n<p><label> E-mail<br \/>\n<span class=\"wpcf7-form-control-wrap\" data-name=\"your-email\"><input size=\"40\" maxlength=\"400\" class=\"wpcf7-form-control wpcf7-email wpcf7-validates-as-required wpcf7-text wpcf7-validates-as-email\" aria-required=\"true\" aria-invalid=\"false\" value=\"\" type=\"email\" name=\"your-email\" \/><\/span> <\/label>\n<\/p>\n<p><label> Telefon<br \/>\n<span class=\"wpcf7-form-control-wrap\" data-name=\"your-phone\"><input size=\"40\" maxlength=\"400\" class=\"wpcf7-form-control wpcf7-text wpcf7-validates-as-required\" aria-required=\"true\" aria-invalid=\"false\" value=\"\" type=\"text\" name=\"your-phone\" \/><\/span> <\/label>\n<\/p>\n<p><label> Besked<br \/>\n<span class=\"wpcf7-form-control-wrap\" data-name=\"your-message\"><textarea cols=\"40\" rows=\"10\" maxlength=\"2000\" class=\"wpcf7-form-control wpcf7-textarea\" aria-invalid=\"false\" name=\"your-message\"><\/textarea><\/span> <\/label>\n<\/p>\n<p><input class=\"wpcf7-form-control wpcf7-submit has-spinner\" type=\"submit\" value=\"Send din foresp\u00f8rgsel\" \/>\n<\/p><p style=\"display: none !important;\" class=\"akismet-fields-container\" data-prefix=\"_wpcf7_ak_\"><label>&#916;<textarea name=\"_wpcf7_ak_hp_textarea\" cols=\"45\" rows=\"8\" maxlength=\"100\"><\/textarea><\/label><input type=\"hidden\" id=\"ak_js_2\" name=\"_wpcf7_ak_js\" value=\"78\"\/><script>document.getElementById( \"ak_js_2\" ).setAttribute( \"value\", ( new Date() ).getTime() );<\/script><\/p><div class=\"fusion-alert alert custom alert-custom fusion-alert-center wpcf7-response-output awb-alert-native-link-color alert-dismissable awb-alert-close-boxed\" style=\"--awb-border-size:1px;--awb-border-top-left-radius:0px;--awb-border-top-right-radius:0px;--awb-border-bottom-left-radius:0px;--awb-border-bottom-right-radius:0px;\" role=\"alert\"><div class=\"fusion-alert-content-wrapper\"><span class=\"fusion-alert-content\"><\/span><\/div><button type=\"button\" class=\"close toggle-alert\" data-dismiss=\"alert\" aria-label=\"Luk\">\u00d7<\/button><\/div>\n<input type=\"hidden\" name=\"trp-form-language\" value=\"da\"\/><\/form>\n<\/div>\n<\/div><\/div><\/div><\/div>","protected":false},"excerpt":{"rendered":"","protected":false},"author":1,"featured_media":0,"parent":0,"menu_order":0,"comment_status":"closed","ping_status":"closed","template":"","meta":{"_joinchat":{"view":"yes"},"footnotes":""},"class_list":["post-31","page","type-page","status-publish","hentry"],"jetpack_sharing_enabled":true,"_links":{"self":[{"href":"https:\/\/srtub.com\/da\/wp-json\/wp\/v2\/pages\/31","targetHints":{"allow":["GET"]}}],"collection":[{"href":"https:\/\/srtub.com\/da\/wp-json\/wp\/v2\/pages"}],"about":[{"href":"https:\/\/srtub.com\/da\/wp-json\/wp\/v2\/types\/page"}],"author":[{"embeddable":true,"href":"https:\/\/srtub.com\/da\/wp-json\/wp\/v2\/users\/1"}],"replies":[{"embeddable":true,"href":"https:\/\/srtub.com\/da\/wp-json\/wp\/v2\/comments?post=31"}],"version-history":[{"count":7,"href":"https:\/\/srtub.com\/da\/wp-json\/wp\/v2\/pages\/31\/revisions"}],"predecessor-version":[{"id":522,"href":"https:\/\/srtub.com\/da\/wp-json\/wp\/v2\/pages\/31\/revisions\/522"}],"wp:attachment":[{"href":"https:\/\/srtub.com\/da\/wp-json\/wp\/v2\/media?parent=31"}],"curies":[{"name":"wp","href":"https:\/\/api.w.org\/{rel}","templated":true}]}}