{"id":31,"date":"2023-07-16T03:19:25","date_gmt":"2023-07-16T03:19:25","guid":{"rendered":"https:\/\/srtub.com\/?page_id=31"},"modified":"2024-07-03T02:47:49","modified_gmt":"2024-07-03T02:47:49","slug":"kapcsolatfelvetel-srtub","status":"publish","type":"page","link":"https:\/\/srtub.com\/hu\/kapcsolatfelvetel-srtub\/","title":{"rendered":"Kapcsolatfelv\u00e9tel Srtub"},"content":{"rendered":"<div class=\"fusion-fullwidth fullwidth-box fusion-builder-row-1 fusion-flex-container nonhundred-percent-fullwidth non-hundred-percent-height-scrolling\" style=\"--awb-border-radius-top-left:0px;--awb-border-radius-top-right:0px;--awb-border-radius-bottom-right:0px;--awb-border-radius-bottom-left:0px;--awb-flex-wrap:wrap;\" ><div class=\"fusion-builder-row fusion-row fusion-flex-align-items-flex-start fusion-flex-content-wrap\" style=\"max-width:1248px;margin-left: calc(-4% \/ 2 );margin-right: calc(-4% \/ 2 );\"><div class=\"fusion-layout-column fusion_builder_column fusion-builder-column-0 fusion_builder_column_1_1 1_1 fusion-flex-column\" style=\"--awb-bg-size:cover;--awb-width-large:100%;--awb-margin-top-large:0px;--awb-spacing-right-large:1.92%;--awb-margin-bottom-large:0px;--awb-spacing-left-large:1.92%;--awb-width-medium:100%;--awb-spacing-right-medium:1.92%;--awb-spacing-left-medium:1.92%;--awb-width-small:100%;--awb-spacing-right-small:1.92%;--awb-spacing-left-small:1.92%;\"><div class=\"fusion-column-wrapper fusion-flex-justify-content-flex-start fusion-content-layout-column\"><div class=\"fusion-text fusion-text-1\"><p>WhatsApp\/Wechat: +86 13075286997<br \/>\nE-mail: sales@srtub.com<\/p>\n<p style=\"text-align: center;\">\n<\/div>\n<div class=\"wpcf7 no-js\" id=\"wpcf7-f57-o1\" lang=\"en-US\" dir=\"ltr\" data-wpcf7-id=\"57\">\n<div class=\"screen-reader-response\"><p role=\"status\" aria-live=\"polite\" aria-atomic=\"true\"><\/p> <ul><\/ul><\/div>\n<form action=\"\/hu\/wp-json\/wp\/v2\/pages\/31#wpcf7-f57-o1\" method=\"post\" class=\"wpcf7-form init\" aria-label=\"Kapcsolatfelv\u00e9teli \u0171rlap\" novalidate=\"novalidate\" data-status=\"init\" data-trp-original-action=\"\/hu\/wp-json\/wp\/v2\/pages\/31#wpcf7-f57-o1\">\n<fieldset class=\"hidden-fields-container\"><input type=\"hidden\" name=\"_wpcf7\" value=\"57\" \/><input type=\"hidden\" name=\"_wpcf7_version\" value=\"6.1.2\" \/><input type=\"hidden\" name=\"_wpcf7_locale\" value=\"en_US\" \/><input type=\"hidden\" name=\"_wpcf7_unit_tag\" value=\"wpcf7-f57-o1\" \/><input type=\"hidden\" name=\"_wpcf7_container_post\" value=\"0\" \/><input type=\"hidden\" name=\"_wpcf7_posted_data_hash\" value=\"\" \/>\n<\/fieldset>\n<p><label> N\u00e9v<br \/>\n<span class=\"wpcf7-form-control-wrap\" data-name=\"your-name\"><input size=\"40\" maxlength=\"400\" class=\"wpcf7-form-control wpcf7-text wpcf7-validates-as-required\" aria-required=\"true\" aria-invalid=\"false\" value=\"\" type=\"text\" name=\"your-name\" \/><\/span> <\/label>\n<\/p>\n<p><label> E-mail<br \/>\n<span class=\"wpcf7-form-control-wrap\" data-name=\"your-email\"><input size=\"40\" maxlength=\"400\" class=\"wpcf7-form-control wpcf7-email wpcf7-validates-as-required wpcf7-text wpcf7-validates-as-email\" aria-required=\"true\" aria-invalid=\"false\" value=\"\" type=\"email\" name=\"your-email\" \/><\/span> <\/label>\n<\/p>\n<p><label> Telefon<br \/>\n<span class=\"wpcf7-form-control-wrap\" data-name=\"your-phone\"><input size=\"40\" maxlength=\"400\" class=\"wpcf7-form-control wpcf7-text wpcf7-validates-as-required\" aria-required=\"true\" aria-invalid=\"false\" value=\"\" type=\"text\" name=\"your-phone\" \/><\/span> <\/label>\n<\/p>\n<p><label> \u00dczenet<br \/>\n<span class=\"wpcf7-form-control-wrap\" data-name=\"your-message\"><textarea cols=\"40\" rows=\"10\" maxlength=\"2000\" class=\"wpcf7-form-control wpcf7-textarea\" aria-invalid=\"false\" name=\"your-message\"><\/textarea><\/span> <\/label>\n<\/p>\n<p><input class=\"wpcf7-form-control wpcf7-submit has-spinner\" type=\"submit\" value=\"L\u0151dd le az \u00e9rdekl\u0151d\u00e9sed\" \/>\n<\/p><p style=\"display: none !important;\" class=\"akismet-fields-container\" data-prefix=\"_wpcf7_ak_\"><label>&#916;<textarea name=\"_wpcf7_ak_hp_textarea\" cols=\"45\" rows=\"8\" maxlength=\"100\"><\/textarea><\/label><input type=\"hidden\" id=\"ak_js_1\" name=\"_wpcf7_ak_js\" value=\"225\"\/><script>document.getElementById( \"ak_js_1\" ).setAttribute( \"value\", ( new Date() ).getTime() );<\/script><\/p><div class=\"fusion-alert alert custom alert-custom fusion-alert-center wpcf7-response-output awb-alert-native-link-color alert-dismissable awb-alert-close-boxed\" style=\"--awb-border-size:1px;--awb-border-top-left-radius:0px;--awb-border-top-right-radius:0px;--awb-border-bottom-left-radius:0px;--awb-border-bottom-right-radius:0px;\" role=\"alert\"><div class=\"fusion-alert-content-wrapper\"><span class=\"fusion-alert-content\"><\/span><\/div><button type=\"button\" class=\"close toggle-alert\" data-dismiss=\"alert\" aria-label=\"Z\u00e1rja be a\">\u00d7<\/button><\/div>\n<input type=\"hidden\" name=\"trp-form-language\" value=\"hu\"\/><\/form>\n<\/div>\n<div class=\"fusion-text fusion-text-2\"><h2 style=\"text-align: center;\">\u00a0 \u00a0 \u00a0 \u00a0 \u00a0<strong>Srtub szilikoncs\u0151 gy\u00e1r<\/strong><\/h2>\n<p>T\u00f6bb mint 22+ \u00e9ves tapasztalat - A Srtub szilikoncs\u0151 gy\u00e1r egy olyan v\u00e1llalkoz\u00e1s, amely a k\u00fcl\u00f6nb\u00f6z\u0151 kiv\u00e1l\u00f3 min\u0151s\u00e9g\u0171 prec\u00edzi\u00f3s szilikon term\u00e9kek K + F, gy\u00e1rt\u00e1s\u00e1ra \u00e9s \u00e9rt\u00e9kes\u00edt\u00e9s\u00e9re szakosodott, \u00e9s saj\u00e1t gy\u00e1r\u00e1val BV tan\u00fas\u00edtv\u00e1nnyal rendelkezik.<\/p>\n<p>Srtub rendelkezik teljes k\u00f6r\u0171 tan\u00fas\u00edtv\u00e1nyokkal. Orvosi szilikoncs\u00f6v\u00fcnket \u00e9s perisztaltikus szivatty\u00fa szilikoncs\u00f6v\u00fcnket import\u00e1lt, platin\u00e1val vulkaniz\u00e1lt szilikongumi alapanyagokb\u00f3l extrud\u00e1ljuk.<\/p>\n<p>F\u0151 term\u00e9keink k\u00f6z\u00e9 tartoznak az \u00e9lelmiszeripari szilikoncs\u00f6vek, orvosi szilikoncs\u00f6vek, perisztaltikus szivatty\u00fa szilikoncs\u00f6vek, \u00f6nt\u00f6tt term\u00e9kek \u00e9s egy\u00e9b szilikoncs\u00f6vek.<\/p>\n<p>K\u00fcl\u00f6nb\u00f6z\u0151 szilikoncs\u00f6vek, p\u00e9ld\u00e1ul orvosi min\u0151s\u00e9g\u0171 szilikoncs\u00f6vek, \u00e9lelmiszeripari szilikoncs\u00f6vek, perisztaltikus szivatty\u00facs\u00f6vek, LED h\u00fcvelyek, ipari szilikoncs\u00f6vek stb. professzion\u00e1lis testreszab\u00e1sa.<\/p>\n<p>C\u00e9g\u00fcnk szilikon t\u00f6m\u00edt\u0151gy\u0171r\u0171ket, szilikon rakod\u00f3sz\u00edjakat is gy\u00e1rt,<br \/>\nszilikon szalagok, \u00f6nt\u00f6tt szilikon term\u00e9kek (szilikon j\u00e9gt\u00e1lc\u00e1k, szilikon f\u00f3lia),<br \/>\nszilikonforma stb.<\/p>\n<p>T\u00f6bb mint 5000 partnerrel folytatunk hossz\u00fa t\u00e1v\u00fa egy\u00fcttm\u0171k\u00f6d\u00e9st a vil\u00e1g minden t\u00e1j\u00e1r\u00f3l.<br \/>\nAm\u00edg \u00d6n az ig\u00e9nyeivel fordul hozz\u00e1nk, mi mindent megtesz\u00fcnk, hogy v\u00e9gtelen lehet\u0151s\u00e9geket val\u00f3s\u00edtsunk meg!<\/p>\n<p><img fetchpriority=\"high\" decoding=\"async\" class=\"alignnone wp-image-21 size-full\" src=\"https:\/\/srtub.com\/wp-content\/uploads\/2023\/07\/Best-Silicone-Tube-Ever-Srtub-1.jpg\" alt=\"A valaha volt legjobb szilikoncs\u0151-Srtub\" width=\"1920\" height=\"750\" srcset=\"https:\/\/srtub.com\/wp-content\/uploads\/2023\/07\/Best-Silicone-Tube-Ever-Srtub-1-18x7.jpg 18w, https:\/\/srtub.com\/wp-content\/uploads\/2023\/07\/Best-Silicone-Tube-Ever-Srtub-1-200x78.jpg 200w, https:\/\/srtub.com\/wp-content\/uploads\/2023\/07\/Best-Silicone-Tube-Ever-Srtub-1-300x117.jpg 300w, https:\/\/srtub.com\/wp-content\/uploads\/2023\/07\/Best-Silicone-Tube-Ever-Srtub-1-400x156.jpg 400w, https:\/\/srtub.com\/wp-content\/uploads\/2023\/07\/Best-Silicone-Tube-Ever-Srtub-1-500x195.jpg 500w, https:\/\/srtub.com\/wp-content\/uploads\/2023\/07\/Best-Silicone-Tube-Ever-Srtub-1-600x234.jpg 600w, https:\/\/srtub.com\/wp-content\/uploads\/2023\/07\/Best-Silicone-Tube-Ever-Srtub-1-700x273.jpg 700w, https:\/\/srtub.com\/wp-content\/uploads\/2023\/07\/Best-Silicone-Tube-Ever-Srtub-1-768x300.jpg 768w, https:\/\/srtub.com\/wp-content\/uploads\/2023\/07\/Best-Silicone-Tube-Ever-Srtub-1-800x313.jpg 800w, https:\/\/srtub.com\/wp-content\/uploads\/2023\/07\/Best-Silicone-Tube-Ever-Srtub-1-1024x400.jpg 1024w, https:\/\/srtub.com\/wp-content\/uploads\/2023\/07\/Best-Silicone-Tube-Ever-Srtub-1-1200x469.jpg 1200w, https:\/\/srtub.com\/wp-content\/uploads\/2023\/07\/Best-Silicone-Tube-Ever-Srtub-1-1536x600.jpg 1536w, https:\/\/srtub.com\/wp-content\/uploads\/2023\/07\/Best-Silicone-Tube-Ever-Srtub-1.jpg 1920w\" sizes=\"(max-width: 1920px) 100vw, 1920px\" \/><\/p>\n<p><img decoding=\"async\" class=\"alignnone wp-image-22 size-full\" src=\"https:\/\/srtub.com\/wp-content\/uploads\/2023\/07\/Best-Silicone-Tube-Ever-Srtub-2.jpg\" alt=\"A valaha volt legjobb szilikoncs\u0151-Srtub\" width=\"1920\" height=\"750\" srcset=\"https:\/\/srtub.com\/wp-content\/uploads\/2023\/07\/Best-Silicone-Tube-Ever-Srtub-2-18x7.jpg 18w, https:\/\/srtub.com\/wp-content\/uploads\/2023\/07\/Best-Silicone-Tube-Ever-Srtub-2-200x78.jpg 200w, https:\/\/srtub.com\/wp-content\/uploads\/2023\/07\/Best-Silicone-Tube-Ever-Srtub-2-300x117.jpg 300w, https:\/\/srtub.com\/wp-content\/uploads\/2023\/07\/Best-Silicone-Tube-Ever-Srtub-2-400x156.jpg 400w, https:\/\/srtub.com\/wp-content\/uploads\/2023\/07\/Best-Silicone-Tube-Ever-Srtub-2-500x195.jpg 500w, https:\/\/srtub.com\/wp-content\/uploads\/2023\/07\/Best-Silicone-Tube-Ever-Srtub-2-600x234.jpg 600w, https:\/\/srtub.com\/wp-content\/uploads\/2023\/07\/Best-Silicone-Tube-Ever-Srtub-2-700x273.jpg 700w, https:\/\/srtub.com\/wp-content\/uploads\/2023\/07\/Best-Silicone-Tube-Ever-Srtub-2-768x300.jpg 768w, https:\/\/srtub.com\/wp-content\/uploads\/2023\/07\/Best-Silicone-Tube-Ever-Srtub-2-800x313.jpg 800w, https:\/\/srtub.com\/wp-content\/uploads\/2023\/07\/Best-Silicone-Tube-Ever-Srtub-2-1024x400.jpg 1024w, https:\/\/srtub.com\/wp-content\/uploads\/2023\/07\/Best-Silicone-Tube-Ever-Srtub-2-1200x469.jpg 1200w, https:\/\/srtub.com\/wp-content\/uploads\/2023\/07\/Best-Silicone-Tube-Ever-Srtub-2-1536x600.jpg 1536w, https:\/\/srtub.com\/wp-content\/uploads\/2023\/07\/Best-Silicone-Tube-Ever-Srtub-2.jpg 1920w\" sizes=\"(max-width: 1920px) 100vw, 1920px\" \/><\/p>\n<h4><strong>Srtub gy\u00e1ri sk\u00e1la<\/strong><\/h4>\n<p>Felszerelts\u00e9g\u00fcnk 1000 m\u00b2-es, 100 ezer oszt\u00e1ly\u00fa orvosi tisztaszob\u00e1val \u00e9s 1500 m\u00b2-es szabv\u00e1nyos tiszta m\u0171hellyel rendelkezik.<\/p>\n<h4><strong>Term\u00e9kmin\u0151s\u00e9g<\/strong><\/h4>\n<p>Szigor\u00faan fel\u00fcgyeli a nyersanyagok, a gy\u00e1rt\u00e1s \u00e9s a term\u00e9kmin\u0151s\u00e9g min\u0151s\u00e9gellen\u0151rz\u00e9s\u00e9t annak biztos\u00edt\u00e1sa \u00e9rdek\u00e9ben, hogy a term\u00e9kek \u00e1tmen\u00e9si ar\u00e1nya 98% felett legyen.<\/p>\n<h4><strong>Srtub \u00dczleti hat\u00f3k\u00f6r<\/strong><\/h4>\n<p>F\u0151 term\u00e9keink k\u00f6z\u00e9 tartoznak az \u00e9lelmiszer-min\u0151s\u00e9g\u0171 szilikoncs\u00f6vek, orvosi szilikoncs\u00f6vek, perisztaltikus szivatty\u00fa szilikoncs\u00f6vek, \u00f6nt\u00f6tt term\u00e9kek \u00e9s egy\u00e9b szilikonterm\u00e9kek.<\/p>\n<h4><strong>Srtub csapat<\/strong><\/h4>\n<p>A \"professzion\u00e1lis, prec\u00edzi\u00f3s, nagy hat\u00e9konys\u00e1g\u00fa, kiv\u00e1l\u00f3 min\u0151s\u00e9g\u0171, innovat\u00edv \u00e9s integrit\u00e1s szolg\u00e1ltat\u00e1s\" filoz\u00f3fi\u00e1j\u00e1val mindig ragaszkodunk az \u00fcgyf\u00e9lszolg\u00e1lathoz.<\/p>\n<p><img decoding=\"async\" class=\"alignnone wp-image-45 size-full\" src=\"https:\/\/srtub.com\/wp-content\/uploads\/2023\/07\/Srtub-Silicone-Tube-Factory-1.jpg\" alt=\"Srtub szilikoncs\u0151 gy\u00e1r\" width=\"800\" height=\"800\" srcset=\"https:\/\/srtub.com\/wp-content\/uploads\/2023\/07\/Srtub-Silicone-Tube-Factory-1-12x12.jpg 12w, https:\/\/srtub.com\/wp-content\/uploads\/2023\/07\/Srtub-Silicone-Tube-Factory-1-66x66.jpg 66w, https:\/\/srtub.com\/wp-content\/uploads\/2023\/07\/Srtub-Silicone-Tube-Factory-1-150x150.jpg 150w, https:\/\/srtub.com\/wp-content\/uploads\/2023\/07\/Srtub-Silicone-Tube-Factory-1-200x200.jpg 200w, https:\/\/srtub.com\/wp-content\/uploads\/2023\/07\/Srtub-Silicone-Tube-Factory-1-300x300.jpg 300w, https:\/\/srtub.com\/wp-content\/uploads\/2023\/07\/Srtub-Silicone-Tube-Factory-1-400x400.jpg 400w, https:\/\/srtub.com\/wp-content\/uploads\/2023\/07\/Srtub-Silicone-Tube-Factory-1-500x500.jpg 500w, https:\/\/srtub.com\/wp-content\/uploads\/2023\/07\/Srtub-Silicone-Tube-Factory-1-600x600.jpg 600w, https:\/\/srtub.com\/wp-content\/uploads\/2023\/07\/Srtub-Silicone-Tube-Factory-1-700x700.jpg 700w, https:\/\/srtub.com\/wp-content\/uploads\/2023\/07\/Srtub-Silicone-Tube-Factory-1-768x768.jpg 768w, https:\/\/srtub.com\/wp-content\/uploads\/2023\/07\/Srtub-Silicone-Tube-Factory-1.jpg 800w\" sizes=\"(max-width: 800px) 100vw, 800px\" \/><\/p>\n<p><img loading=\"lazy\" decoding=\"async\" class=\"alignnone wp-image-46 size-full\" src=\"https:\/\/srtub.com\/wp-content\/uploads\/2023\/07\/Srtub-Silicone-Tube-Factory-2.jpg\" alt=\"Srtub szilikoncs\u0151 gy\u00e1r\" width=\"784\" height=\"960\" srcset=\"https:\/\/srtub.com\/wp-content\/uploads\/2023\/07\/Srtub-Silicone-Tube-Factory-2-10x12.jpg 10w, https:\/\/srtub.com\/wp-content\/uploads\/2023\/07\/Srtub-Silicone-Tube-Factory-2-200x245.jpg 200w, https:\/\/srtub.com\/wp-content\/uploads\/2023\/07\/Srtub-Silicone-Tube-Factory-2-245x300.jpg 245w, https:\/\/srtub.com\/wp-content\/uploads\/2023\/07\/Srtub-Silicone-Tube-Factory-2-400x490.jpg 400w, https:\/\/srtub.com\/wp-content\/uploads\/2023\/07\/Srtub-Silicone-Tube-Factory-2-500x612.jpg 500w, https:\/\/srtub.com\/wp-content\/uploads\/2023\/07\/Srtub-Silicone-Tube-Factory-2-600x735.jpg 600w, https:\/\/srtub.com\/wp-content\/uploads\/2023\/07\/Srtub-Silicone-Tube-Factory-2-700x857.jpg 700w, https:\/\/srtub.com\/wp-content\/uploads\/2023\/07\/Srtub-Silicone-Tube-Factory-2-768x940.jpg 768w, https:\/\/srtub.com\/wp-content\/uploads\/2023\/07\/Srtub-Silicone-Tube-Factory-2.jpg 784w\" sizes=\"(max-width: 784px) 100vw, 784px\" \/><\/p>\n<p><div id=\"attachment_47\" style=\"width: 810px\" class=\"wp-caption alignnone\"><img loading=\"lazy\" decoding=\"async\" aria-describedby=\"caption-attachment-47\" class=\"wp-image-47 size-full\" src=\"https:\/\/srtub.com\/wp-content\/uploads\/2023\/07\/Srtub-Silicone-Tube-Factory-3.jpg\" alt=\"Srtub szilikoncs\u0151 gy\u00e1r\" width=\"800\" height=\"800\" srcset=\"https:\/\/srtub.com\/wp-content\/uploads\/2023\/07\/Srtub-Silicone-Tube-Factory-3-12x12.jpg 12w, https:\/\/srtub.com\/wp-content\/uploads\/2023\/07\/Srtub-Silicone-Tube-Factory-3-66x66.jpg 66w, https:\/\/srtub.com\/wp-content\/uploads\/2023\/07\/Srtub-Silicone-Tube-Factory-3-150x150.jpg 150w, https:\/\/srtub.com\/wp-content\/uploads\/2023\/07\/Srtub-Silicone-Tube-Factory-3-200x200.jpg 200w, https:\/\/srtub.com\/wp-content\/uploads\/2023\/07\/Srtub-Silicone-Tube-Factory-3-300x300.jpg 300w, https:\/\/srtub.com\/wp-content\/uploads\/2023\/07\/Srtub-Silicone-Tube-Factory-3-400x400.jpg 400w, https:\/\/srtub.com\/wp-content\/uploads\/2023\/07\/Srtub-Silicone-Tube-Factory-3-500x500.jpg 500w, https:\/\/srtub.com\/wp-content\/uploads\/2023\/07\/Srtub-Silicone-Tube-Factory-3-600x600.jpg 600w, https:\/\/srtub.com\/wp-content\/uploads\/2023\/07\/Srtub-Silicone-Tube-Factory-3-700x700.jpg 700w, https:\/\/srtub.com\/wp-content\/uploads\/2023\/07\/Srtub-Silicone-Tube-Factory-3-768x768.jpg 768w, https:\/\/srtub.com\/wp-content\/uploads\/2023\/07\/Srtub-Silicone-Tube-Factory-3.jpg 800w\" sizes=\"(max-width: 800px) 100vw, 800px\" \/><p id=\"caption-attachment-47\" class=\"wp-caption-text\"><span style=\"color: #000000;\"><strong>Srtub Partners<\/strong><\/span><\/p><\/div>\n<div id=\"attachment_23\" style=\"width: 1930px\" class=\"wp-caption alignnone\"><img loading=\"lazy\" decoding=\"async\" aria-describedby=\"caption-attachment-23\" class=\"wp-image-23 size-full\" src=\"https:\/\/srtub.com\/wp-content\/uploads\/2023\/07\/Best-Silicone-Tube-Ever-Srtub-3.jpg\" alt=\"A valaha volt legjobb szilikoncs\u0151-Srtub\" width=\"1920\" height=\"750\" srcset=\"https:\/\/srtub.com\/wp-content\/uploads\/2023\/07\/Best-Silicone-Tube-Ever-Srtub-3-18x7.jpg 18w, https:\/\/srtub.com\/wp-content\/uploads\/2023\/07\/Best-Silicone-Tube-Ever-Srtub-3-200x78.jpg 200w, https:\/\/srtub.com\/wp-content\/uploads\/2023\/07\/Best-Silicone-Tube-Ever-Srtub-3-300x117.jpg 300w, https:\/\/srtub.com\/wp-content\/uploads\/2023\/07\/Best-Silicone-Tube-Ever-Srtub-3-400x156.jpg 400w, https:\/\/srtub.com\/wp-content\/uploads\/2023\/07\/Best-Silicone-Tube-Ever-Srtub-3-500x195.jpg 500w, https:\/\/srtub.com\/wp-content\/uploads\/2023\/07\/Best-Silicone-Tube-Ever-Srtub-3-600x234.jpg 600w, https:\/\/srtub.com\/wp-content\/uploads\/2023\/07\/Best-Silicone-Tube-Ever-Srtub-3-700x273.jpg 700w, https:\/\/srtub.com\/wp-content\/uploads\/2023\/07\/Best-Silicone-Tube-Ever-Srtub-3-768x300.jpg 768w, https:\/\/srtub.com\/wp-content\/uploads\/2023\/07\/Best-Silicone-Tube-Ever-Srtub-3-800x313.jpg 800w, https:\/\/srtub.com\/wp-content\/uploads\/2023\/07\/Best-Silicone-Tube-Ever-Srtub-3-1024x400.jpg 1024w, https:\/\/srtub.com\/wp-content\/uploads\/2023\/07\/Best-Silicone-Tube-Ever-Srtub-3-1200x469.jpg 1200w, https:\/\/srtub.com\/wp-content\/uploads\/2023\/07\/Best-Silicone-Tube-Ever-Srtub-3-1536x600.jpg 1536w, https:\/\/srtub.com\/wp-content\/uploads\/2023\/07\/Best-Silicone-Tube-Ever-Srtub-3.jpg 1920w\" sizes=\"(max-width: 1920px) 100vw, 1920px\" \/><p id=\"caption-attachment-23\" class=\"wp-caption-text\"><strong><span style=\"color: #000000;\">Mi\u00e9rt v\u00e1lassza a Srtubot?<\/span><\/strong><\/p><\/div>\n<div id=\"attachment_48\" style=\"width: 760px\" class=\"wp-caption alignnone\"><img loading=\"lazy\" decoding=\"async\" aria-describedby=\"caption-attachment-48\" class=\"wp-image-48 size-full\" src=\"https:\/\/srtub.com\/wp-content\/uploads\/2023\/07\/Srtub-Silicone-Tube-Factory-4.jpg\" alt=\"Srtub szilikoncs\u0151 gy\u00e1r\" width=\"750\" height=\"617\" srcset=\"https:\/\/srtub.com\/wp-content\/uploads\/2023\/07\/Srtub-Silicone-Tube-Factory-4-15x12.jpg 15w, https:\/\/srtub.com\/wp-content\/uploads\/2023\/07\/Srtub-Silicone-Tube-Factory-4-200x165.jpg 200w, https:\/\/srtub.com\/wp-content\/uploads\/2023\/07\/Srtub-Silicone-Tube-Factory-4-300x247.jpg 300w, https:\/\/srtub.com\/wp-content\/uploads\/2023\/07\/Srtub-Silicone-Tube-Factory-4-400x329.jpg 400w, https:\/\/srtub.com\/wp-content\/uploads\/2023\/07\/Srtub-Silicone-Tube-Factory-4-500x411.jpg 500w, https:\/\/srtub.com\/wp-content\/uploads\/2023\/07\/Srtub-Silicone-Tube-Factory-4-600x494.jpg 600w, https:\/\/srtub.com\/wp-content\/uploads\/2023\/07\/Srtub-Silicone-Tube-Factory-4-700x576.jpg 700w, https:\/\/srtub.com\/wp-content\/uploads\/2023\/07\/Srtub-Silicone-Tube-Factory-4.jpg 750w\" sizes=\"(max-width: 750px) 100vw, 750px\" \/><p id=\"caption-attachment-48\" class=\"wp-caption-text\"><span style=\"color: #000000;\"><strong>Srtub szilikoncs\u0151 csomagol\u00e1s \u00e9s sz\u00e1ll\u00edt\u00e1s<\/strong><\/span><\/p><\/div>\n<div id=\"attachment_49\" style=\"width: 800px\" class=\"wp-caption alignnone\"><img loading=\"lazy\" decoding=\"async\" aria-describedby=\"caption-attachment-49\" class=\"wp-image-49 size-full\" src=\"https:\/\/srtub.com\/wp-content\/uploads\/2023\/07\/Srtub-Silicone-Tube-Factory-5.jpg\" alt=\"Srtub szilikoncs\u0151 gy\u00e1r\" width=\"790\" height=\"816\" srcset=\"https:\/\/srtub.com\/wp-content\/uploads\/2023\/07\/Srtub-Silicone-Tube-Factory-5-12x12.jpg 12w, https:\/\/srtub.com\/wp-content\/uploads\/2023\/07\/Srtub-Silicone-Tube-Factory-5-200x207.jpg 200w, https:\/\/srtub.com\/wp-content\/uploads\/2023\/07\/Srtub-Silicone-Tube-Factory-5-290x300.jpg 290w, https:\/\/srtub.com\/wp-content\/uploads\/2023\/07\/Srtub-Silicone-Tube-Factory-5-400x413.jpg 400w, https:\/\/srtub.com\/wp-content\/uploads\/2023\/07\/Srtub-Silicone-Tube-Factory-5-500x516.jpg 500w, https:\/\/srtub.com\/wp-content\/uploads\/2023\/07\/Srtub-Silicone-Tube-Factory-5-600x620.jpg 600w, https:\/\/srtub.com\/wp-content\/uploads\/2023\/07\/Srtub-Silicone-Tube-Factory-5-700x723.jpg 700w, https:\/\/srtub.com\/wp-content\/uploads\/2023\/07\/Srtub-Silicone-Tube-Factory-5-768x793.jpg 768w, https:\/\/srtub.com\/wp-content\/uploads\/2023\/07\/Srtub-Silicone-Tube-Factory-5.jpg 790w\" sizes=\"(max-width: 790px) 100vw, 790px\" \/><p id=\"caption-attachment-49\" class=\"wp-caption-text\"><strong>Srtub GYIK<\/strong><\/p><\/div><\/p>\n<p>1.  Megkaphatom a mint\u00e1t?<br \/>\nIgen, ingyenesen biztos\u00edthatunk megl\u00e9v\u0151 mint\u00e1t, de egy kis mintad\u00edjat az egy\u00e9ni tervez\u00e9shez, az \u00faj \u00fcgyfeleknek v\u00e1rhat\u00f3an fizetni\u00fck kell a sz\u00e1ll\u00edt\u00e1si k\u00f6lts\u00e9get, \u00e9s a mintad\u00edjat levonj\u00e1k a hivatalos megrendel\u00e9sek kifizet\u00e9s\u00e9b\u0151l.<br \/>\n2. Mennyi a minta \u00e1tfut\u00e1si ideje?<br \/>\nMegl\u00e9v\u0151 term\u00e9kek eset\u00e9ben 1-2 napot vesz ig\u00e9nybe; ha a tervez\u00e9st szeretn\u00e9, a tervez\u00e9si tartalomt\u00f3l f\u00fcgg\u0151en 3-5 napot vehet ig\u00e9nybe.<br \/>\n3.  Mi a helyzet a term\u00e9k min\u0151s\u00e9gellen\u0151rz\u00e9s\u00e9vel?<br \/>\nA QC r\u00e9szleg\u00fcnk professzion\u00e1lis QC csapattal rendelkezik.  \"A min\u0151s\u00e9g az els\u0151, az \u00fcgyf\u00e9lk\u00f6zpont\u00fas\u00e1g\" a mi min\u0151s\u00e9gpolitik\u00e1nk, \u00e9s a gy\u00e1ri m\u0171k\u00f6d\u00e9s\u00fcnk sor\u00e1n bej\u00f6v\u0151 min\u0151s\u00e9gellen\u0151rz\u00e9s \/ folyamat k\u00f6zbeni min\u0151s\u00e9gellen\u0151rz\u00e9s \/ kimen\u0151 min\u0151s\u00e9gellen\u0151rz\u00e9s van.<br \/>\n4.  Mi\u00e9rt \u00e9rdemes megv\u00e1s\u00e1rolnom a szilikoncs\u00f6v\u00e9t?<br \/>\nSzilikoncs\u00f6v\u00fcnk kiv\u00e1l\u00f3 min\u0151s\u00e9get, elfogadhat\u00f3 \u00e1rat, j\u00f3 \u00e9rt\u00e9kes\u00edt\u00e9s ut\u00e1ni szolg\u00e1ltat\u00e1st \u00e9s min\u0151s\u00e9gbiztos\u00edt\u00e1st k\u00edn\u00e1l.<br \/>\nWhatsApp\/Wechat: +86 13075286997<br \/>\nE-mail: sales@srtub.com<\/p>\n<\/div>\n<div class=\"wpcf7 no-js\" id=\"wpcf7-f57-o2\" lang=\"en-US\" dir=\"ltr\" data-wpcf7-id=\"57\">\n<div class=\"screen-reader-response\"><p role=\"status\" aria-live=\"polite\" aria-atomic=\"true\"><\/p> <ul><\/ul><\/div>\n<form action=\"\/hu\/wp-json\/wp\/v2\/pages\/31#wpcf7-f57-o2\" method=\"post\" class=\"wpcf7-form init\" aria-label=\"Kapcsolatfelv\u00e9teli \u0171rlap\" novalidate=\"novalidate\" data-status=\"init\" data-trp-original-action=\"\/hu\/wp-json\/wp\/v2\/pages\/31#wpcf7-f57-o2\">\n<fieldset class=\"hidden-fields-container\"><input type=\"hidden\" name=\"_wpcf7\" value=\"57\" \/><input type=\"hidden\" name=\"_wpcf7_version\" value=\"6.1.2\" \/><input type=\"hidden\" name=\"_wpcf7_locale\" value=\"en_US\" \/><input type=\"hidden\" name=\"_wpcf7_unit_tag\" value=\"wpcf7-f57-o2\" \/><input type=\"hidden\" name=\"_wpcf7_container_post\" value=\"0\" \/><input type=\"hidden\" name=\"_wpcf7_posted_data_hash\" value=\"\" \/>\n<\/fieldset>\n<p><label> N\u00e9v<br \/>\n<span class=\"wpcf7-form-control-wrap\" data-name=\"your-name\"><input size=\"40\" maxlength=\"400\" class=\"wpcf7-form-control wpcf7-text wpcf7-validates-as-required\" aria-required=\"true\" aria-invalid=\"false\" value=\"\" type=\"text\" name=\"your-name\" \/><\/span> <\/label>\n<\/p>\n<p><label> E-mail<br \/>\n<span class=\"wpcf7-form-control-wrap\" data-name=\"your-email\"><input size=\"40\" maxlength=\"400\" class=\"wpcf7-form-control wpcf7-email wpcf7-validates-as-required wpcf7-text wpcf7-validates-as-email\" aria-required=\"true\" aria-invalid=\"false\" value=\"\" type=\"email\" name=\"your-email\" \/><\/span> <\/label>\n<\/p>\n<p><label> Telefon<br \/>\n<span class=\"wpcf7-form-control-wrap\" data-name=\"your-phone\"><input size=\"40\" maxlength=\"400\" class=\"wpcf7-form-control wpcf7-text wpcf7-validates-as-required\" aria-required=\"true\" aria-invalid=\"false\" value=\"\" type=\"text\" name=\"your-phone\" \/><\/span> <\/label>\n<\/p>\n<p><label> \u00dczenet<br \/>\n<span class=\"wpcf7-form-control-wrap\" data-name=\"your-message\"><textarea cols=\"40\" rows=\"10\" maxlength=\"2000\" class=\"wpcf7-form-control wpcf7-textarea\" aria-invalid=\"false\" name=\"your-message\"><\/textarea><\/span> <\/label>\n<\/p>\n<p><input class=\"wpcf7-form-control wpcf7-submit has-spinner\" type=\"submit\" value=\"L\u0151dd le az \u00e9rdekl\u0151d\u00e9sed\" \/>\n<\/p><p style=\"display: none !important;\" class=\"akismet-fields-container\" data-prefix=\"_wpcf7_ak_\"><label>&#916;<textarea name=\"_wpcf7_ak_hp_textarea\" cols=\"45\" rows=\"8\" maxlength=\"100\"><\/textarea><\/label><input type=\"hidden\" id=\"ak_js_2\" name=\"_wpcf7_ak_js\" value=\"22\"\/><script>document.getElementById( \"ak_js_2\" ).setAttribute( \"value\", ( new Date() ).getTime() );<\/script><\/p><div class=\"fusion-alert alert custom alert-custom fusion-alert-center wpcf7-response-output awb-alert-native-link-color alert-dismissable awb-alert-close-boxed\" style=\"--awb-border-size:1px;--awb-border-top-left-radius:0px;--awb-border-top-right-radius:0px;--awb-border-bottom-left-radius:0px;--awb-border-bottom-right-radius:0px;\" role=\"alert\"><div class=\"fusion-alert-content-wrapper\"><span class=\"fusion-alert-content\"><\/span><\/div><button type=\"button\" class=\"close toggle-alert\" data-dismiss=\"alert\" aria-label=\"Z\u00e1rja be a\">\u00d7<\/button><\/div>\n<input type=\"hidden\" name=\"trp-form-language\" value=\"hu\"\/><\/form>\n<\/div>\n<\/div><\/div><\/div><\/div>","protected":false},"excerpt":{"rendered":"","protected":false},"author":1,"featured_media":0,"parent":0,"menu_order":0,"comment_status":"closed","ping_status":"closed","template":"","meta":{"_joinchat":{"view":"yes"},"footnotes":""},"class_list":["post-31","page","type-page","status-publish","hentry"],"jetpack_sharing_enabled":true,"_links":{"self":[{"href":"https:\/\/srtub.com\/hu\/wp-json\/wp\/v2\/pages\/31","targetHints":{"allow":["GET"]}}],"collection":[{"href":"https:\/\/srtub.com\/hu\/wp-json\/wp\/v2\/pages"}],"about":[{"href":"https:\/\/srtub.com\/hu\/wp-json\/wp\/v2\/types\/page"}],"author":[{"embeddable":true,"href":"https:\/\/srtub.com\/hu\/wp-json\/wp\/v2\/users\/1"}],"replies":[{"embeddable":true,"href":"https:\/\/srtub.com\/hu\/wp-json\/wp\/v2\/comments?post=31"}],"version-history":[{"count":7,"href":"https:\/\/srtub.com\/hu\/wp-json\/wp\/v2\/pages\/31\/revisions"}],"predecessor-version":[{"id":522,"href":"https:\/\/srtub.com\/hu\/wp-json\/wp\/v2\/pages\/31\/revisions\/522"}],"wp:attachment":[{"href":"https:\/\/srtub.com\/hu\/wp-json\/wp\/v2\/media?parent=31"}],"curies":[{"name":"wp","href":"https:\/\/api.w.org\/{rel}","templated":true}]}}