{"id":31,"date":"2023-07-16T03:19:25","date_gmt":"2023-07-16T03:19:25","guid":{"rendered":"https:\/\/srtub.com\/?page_id=31"},"modified":"2024-07-03T02:47:49","modified_gmt":"2024-07-03T02:47:49","slug":"kontakt-srtub","status":"publish","type":"page","link":"https:\/\/srtub.com\/pl\/kontakt-srtub\/","title":{"rendered":"Kontakt Srtub"},"content":{"rendered":"<div class=\"fusion-fullwidth fullwidth-box fusion-builder-row-1 fusion-flex-container nonhundred-percent-fullwidth non-hundred-percent-height-scrolling\" style=\"--awb-border-radius-top-left:0px;--awb-border-radius-top-right:0px;--awb-border-radius-bottom-right:0px;--awb-border-radius-bottom-left:0px;--awb-flex-wrap:wrap;\" ><div class=\"fusion-builder-row fusion-row fusion-flex-align-items-flex-start fusion-flex-content-wrap\" style=\"max-width:1248px;margin-left: calc(-4% \/ 2 );margin-right: calc(-4% \/ 2 );\"><div class=\"fusion-layout-column fusion_builder_column fusion-builder-column-0 fusion_builder_column_1_1 1_1 fusion-flex-column\" style=\"--awb-bg-size:cover;--awb-width-large:100%;--awb-margin-top-large:0px;--awb-spacing-right-large:1.92%;--awb-margin-bottom-large:0px;--awb-spacing-left-large:1.92%;--awb-width-medium:100%;--awb-spacing-right-medium:1.92%;--awb-spacing-left-medium:1.92%;--awb-width-small:100%;--awb-spacing-right-small:1.92%;--awb-spacing-left-small:1.92%;\"><div class=\"fusion-column-wrapper fusion-flex-justify-content-flex-start fusion-content-layout-column\"><div class=\"fusion-text fusion-text-1\"><p>WhatsApp\/Wechat: +86 13075286997<br \/>\nE-mail: sales@srtub.com<\/p>\n<p style=\"text-align: center;\">\n<\/div>\n<div class=\"wpcf7 no-js\" id=\"wpcf7-f57-o1\" lang=\"en-US\" dir=\"ltr\" data-wpcf7-id=\"57\">\n<div class=\"screen-reader-response\"><p role=\"status\" aria-live=\"polite\" aria-atomic=\"true\"><\/p> <ul><\/ul><\/div>\n<form action=\"\/pl\/wp-json\/wp\/v2\/pages\/31#wpcf7-f57-o1\" method=\"post\" class=\"wpcf7-form init\" aria-label=\"Formularz kontaktowy\" novalidate=\"novalidate\" data-status=\"init\" data-trp-original-action=\"\/pl\/wp-json\/wp\/v2\/pages\/31#wpcf7-f57-o1\">\n<fieldset class=\"hidden-fields-container\"><input type=\"hidden\" name=\"_wpcf7\" value=\"57\" \/><input type=\"hidden\" name=\"_wpcf7_version\" value=\"6.1.2\" \/><input type=\"hidden\" name=\"_wpcf7_locale\" value=\"en_US\" \/><input type=\"hidden\" name=\"_wpcf7_unit_tag\" value=\"wpcf7-f57-o1\" \/><input type=\"hidden\" name=\"_wpcf7_container_post\" value=\"0\" \/><input type=\"hidden\" name=\"_wpcf7_posted_data_hash\" value=\"\" \/>\n<\/fieldset>\n<p><label> Nazwa<br \/>\n<span class=\"wpcf7-form-control-wrap\" data-name=\"your-name\"><input size=\"40\" maxlength=\"400\" class=\"wpcf7-form-control wpcf7-text wpcf7-validates-as-required\" aria-required=\"true\" aria-invalid=\"false\" value=\"\" type=\"text\" name=\"your-name\" \/><\/span> <\/label>\n<\/p>\n<p><label> E-mail<br \/>\n<span class=\"wpcf7-form-control-wrap\" data-name=\"your-email\"><input size=\"40\" maxlength=\"400\" class=\"wpcf7-form-control wpcf7-email wpcf7-validates-as-required wpcf7-text wpcf7-validates-as-email\" aria-required=\"true\" aria-invalid=\"false\" value=\"\" type=\"email\" name=\"your-email\" \/><\/span> <\/label>\n<\/p>\n<p><label> Telefon<br \/>\n<span class=\"wpcf7-form-control-wrap\" data-name=\"your-phone\"><input size=\"40\" maxlength=\"400\" class=\"wpcf7-form-control wpcf7-text wpcf7-validates-as-required\" aria-required=\"true\" aria-invalid=\"false\" value=\"\" type=\"text\" name=\"your-phone\" \/><\/span> <\/label>\n<\/p>\n<p><label> Wiadomo\u015b\u0107<br \/>\n<span class=\"wpcf7-form-control-wrap\" data-name=\"your-message\"><textarea cols=\"40\" rows=\"10\" maxlength=\"2000\" class=\"wpcf7-form-control wpcf7-textarea\" aria-invalid=\"false\" name=\"your-message\"><\/textarea><\/span> <\/label>\n<\/p>\n<p><input class=\"wpcf7-form-control wpcf7-submit has-spinner\" type=\"submit\" value=\"Wy\u015blij zapytanie\" \/>\n<\/p><p style=\"display: none !important;\" class=\"akismet-fields-container\" data-prefix=\"_wpcf7_ak_\"><label>&#916;<textarea name=\"_wpcf7_ak_hp_textarea\" cols=\"45\" rows=\"8\" maxlength=\"100\"><\/textarea><\/label><input type=\"hidden\" id=\"ak_js_1\" name=\"_wpcf7_ak_js\" value=\"205\"\/><script>document.getElementById( \"ak_js_1\" ).setAttribute( \"value\", ( new Date() ).getTime() );<\/script><\/p><div class=\"fusion-alert alert custom alert-custom fusion-alert-center wpcf7-response-output awb-alert-native-link-color alert-dismissable awb-alert-close-boxed\" style=\"--awb-border-size:1px;--awb-border-top-left-radius:0px;--awb-border-top-right-radius:0px;--awb-border-bottom-left-radius:0px;--awb-border-bottom-right-radius:0px;\" role=\"alert\"><div class=\"fusion-alert-content-wrapper\"><span class=\"fusion-alert-content\"><\/span><\/div><button type=\"button\" class=\"close toggle-alert\" data-dismiss=\"alert\" aria-label=\"Zamknij\">\u00d7<\/button><\/div>\n<input type=\"hidden\" name=\"trp-form-language\" value=\"pl\"\/><\/form>\n<\/div>\n<div class=\"fusion-text fusion-text-2\"><h2 style=\"text-align: center;\">\u00a0 \u00a0 \u00a0 \u00a0 \u00a0<strong>Fabryka rur silikonowych Srtub<\/strong><\/h2>\n<p>Ponad 22 lata do\u015bwiadczenia - Srtub Silicone Tube Factory to przedsi\u0119biorstwo specjalizuj\u0105ce si\u0119 w badaniach i rozwoju, produkcji i sprzeda\u017cy r\u00f3\u017cnych wysokiej jako\u015bci precyzyjnych produkt\u00f3w silikonowych, kt\u00f3re przesz\u0142o certyfikacj\u0119 BV z w\u0142asn\u0105 fabryk\u0105.<\/p>\n<p>Srtub posiada kompletne certyfikaty. Nasze silikonowe rurki medyczne i silikonowe rurki do pomp perystaltycznych s\u0105 wyt\u0142aczane z importowanych surowc\u00f3w z gumy silikonowej utwardzanej platyn\u0105.<\/p>\n<p>Nasze g\u0142\u00f3wne produkty to silikonowe rurki spo\u017cywcze, silikonowe rurki medyczne, silikonowe rurki do pomp perystaltycznych, produkty formowane i inne rurki silikonowe.<\/p>\n<p>Profesjonalne dostosowywanie r\u00f3\u017cnych rur silikonowych, takich jak rury silikonowe klasy medycznej, rury silikonowe klasy spo\u017cywczej, rury pomp perystaltycznych, tuleje LED, przemys\u0142owe rury silikonowe itp.<\/p>\n<p>Nasza firma mo\u017ce r\u00f3wnie\u017c produkowa\u0107 silikonowe pier\u015bcienie uszczelniaj\u0105ce, silikonowe pasy no\u015bne,<br \/>\npaski silikonowe, formowane produkty silikonowe (silikonowe tacki na l\u00f3d, folia silikonowa),<br \/>\nformy silikonowe itp.<\/p>\n<p>Prowadzimy d\u0142ugoterminow\u0105 wsp\u00f3\u0142prac\u0119 z ponad 5000 partner\u00f3w z ca\u0142ego \u015bwiata.<br \/>\nJe\u015bli tylko przyjdziesz do nas ze swoimi potrzebami, do\u0142o\u017cymy wszelkich stara\u0144, aby osi\u0105gn\u0105\u0107 niesko\u0144czone mo\u017cliwo\u015bci!<\/p>\n<p><img fetchpriority=\"high\" decoding=\"async\" class=\"alignnone wp-image-21 size-full\" src=\"https:\/\/srtub.com\/wp-content\/uploads\/2023\/07\/Best-Silicone-Tube-Ever-Srtub-1.jpg\" alt=\"Najlepsza silikonowa tuba w historii - Srtub\" width=\"1920\" height=\"750\" srcset=\"https:\/\/srtub.com\/wp-content\/uploads\/2023\/07\/Best-Silicone-Tube-Ever-Srtub-1-18x7.jpg 18w, https:\/\/srtub.com\/wp-content\/uploads\/2023\/07\/Best-Silicone-Tube-Ever-Srtub-1-200x78.jpg 200w, https:\/\/srtub.com\/wp-content\/uploads\/2023\/07\/Best-Silicone-Tube-Ever-Srtub-1-300x117.jpg 300w, https:\/\/srtub.com\/wp-content\/uploads\/2023\/07\/Best-Silicone-Tube-Ever-Srtub-1-400x156.jpg 400w, https:\/\/srtub.com\/wp-content\/uploads\/2023\/07\/Best-Silicone-Tube-Ever-Srtub-1-500x195.jpg 500w, https:\/\/srtub.com\/wp-content\/uploads\/2023\/07\/Best-Silicone-Tube-Ever-Srtub-1-600x234.jpg 600w, https:\/\/srtub.com\/wp-content\/uploads\/2023\/07\/Best-Silicone-Tube-Ever-Srtub-1-700x273.jpg 700w, https:\/\/srtub.com\/wp-content\/uploads\/2023\/07\/Best-Silicone-Tube-Ever-Srtub-1-768x300.jpg 768w, https:\/\/srtub.com\/wp-content\/uploads\/2023\/07\/Best-Silicone-Tube-Ever-Srtub-1-800x313.jpg 800w, https:\/\/srtub.com\/wp-content\/uploads\/2023\/07\/Best-Silicone-Tube-Ever-Srtub-1-1024x400.jpg 1024w, https:\/\/srtub.com\/wp-content\/uploads\/2023\/07\/Best-Silicone-Tube-Ever-Srtub-1-1200x469.jpg 1200w, https:\/\/srtub.com\/wp-content\/uploads\/2023\/07\/Best-Silicone-Tube-Ever-Srtub-1-1536x600.jpg 1536w, https:\/\/srtub.com\/wp-content\/uploads\/2023\/07\/Best-Silicone-Tube-Ever-Srtub-1.jpg 1920w\" sizes=\"(max-width: 1920px) 100vw, 1920px\" \/><\/p>\n<p><img decoding=\"async\" class=\"alignnone wp-image-22 size-full\" src=\"https:\/\/srtub.com\/wp-content\/uploads\/2023\/07\/Best-Silicone-Tube-Ever-Srtub-2.jpg\" alt=\"Najlepsza silikonowa tuba w historii - Srtub\" width=\"1920\" height=\"750\" srcset=\"https:\/\/srtub.com\/wp-content\/uploads\/2023\/07\/Best-Silicone-Tube-Ever-Srtub-2-18x7.jpg 18w, https:\/\/srtub.com\/wp-content\/uploads\/2023\/07\/Best-Silicone-Tube-Ever-Srtub-2-200x78.jpg 200w, https:\/\/srtub.com\/wp-content\/uploads\/2023\/07\/Best-Silicone-Tube-Ever-Srtub-2-300x117.jpg 300w, https:\/\/srtub.com\/wp-content\/uploads\/2023\/07\/Best-Silicone-Tube-Ever-Srtub-2-400x156.jpg 400w, https:\/\/srtub.com\/wp-content\/uploads\/2023\/07\/Best-Silicone-Tube-Ever-Srtub-2-500x195.jpg 500w, https:\/\/srtub.com\/wp-content\/uploads\/2023\/07\/Best-Silicone-Tube-Ever-Srtub-2-600x234.jpg 600w, https:\/\/srtub.com\/wp-content\/uploads\/2023\/07\/Best-Silicone-Tube-Ever-Srtub-2-700x273.jpg 700w, https:\/\/srtub.com\/wp-content\/uploads\/2023\/07\/Best-Silicone-Tube-Ever-Srtub-2-768x300.jpg 768w, https:\/\/srtub.com\/wp-content\/uploads\/2023\/07\/Best-Silicone-Tube-Ever-Srtub-2-800x313.jpg 800w, https:\/\/srtub.com\/wp-content\/uploads\/2023\/07\/Best-Silicone-Tube-Ever-Srtub-2-1024x400.jpg 1024w, https:\/\/srtub.com\/wp-content\/uploads\/2023\/07\/Best-Silicone-Tube-Ever-Srtub-2-1200x469.jpg 1200w, https:\/\/srtub.com\/wp-content\/uploads\/2023\/07\/Best-Silicone-Tube-Ever-Srtub-2-1536x600.jpg 1536w, https:\/\/srtub.com\/wp-content\/uploads\/2023\/07\/Best-Silicone-Tube-Ever-Srtub-2.jpg 1920w\" sizes=\"(max-width: 1920px) 100vw, 1920px\" \/><\/p>\n<h4><strong>Srtub Factory Scale<\/strong><\/h4>\n<p>Jeste\u015bmy wyposa\u017ceni w 1000 m\u00b2 100-tysi\u0119cznego medycznego pomieszczenia czystego i 1500 m\u00b2 standardowego warsztatu czystego.<\/p>\n<h4><strong>Jako\u015b\u0107 produktu<\/strong><\/h4>\n<p>\u015aci\u015ble nadzoruj kontrol\u0119 jako\u015bci surowc\u00f3w, produkcji i jako\u015bci produktu, aby zapewni\u0107, \u017ce wska\u017anik zdawalno\u015bci produkt\u00f3w przekracza 98%.<\/p>\n<h4><strong>Zakres dzia\u0142alno\u015bci Srtub<\/strong><\/h4>\n<p>Nasze g\u0142\u00f3wne produkty to silikonowe rurki spo\u017cywcze, silikonowe rurki medyczne, silikonowe rurki do pomp perystaltycznych, produkty formowane i inne silikony.<\/p>\n<h4><strong>Zesp\u00f3\u0142 Srtub<\/strong><\/h4>\n<p>Zgodnie z filozofi\u0105 \"profesjonalnych, precyzyjnych, wysokowydajnych, wysokiej jako\u015bci, innowacyjnych i uczciwych us\u0142ug\" zawsze przestrzegamy obs\u0142ugi klienta.<\/p>\n<p><img decoding=\"async\" class=\"alignnone wp-image-45 size-full\" src=\"https:\/\/srtub.com\/wp-content\/uploads\/2023\/07\/Srtub-Silicone-Tube-Factory-1.jpg\" alt=\"Fabryka rur silikonowych Srtub\" width=\"800\" height=\"800\" srcset=\"https:\/\/srtub.com\/wp-content\/uploads\/2023\/07\/Srtub-Silicone-Tube-Factory-1-12x12.jpg 12w, https:\/\/srtub.com\/wp-content\/uploads\/2023\/07\/Srtub-Silicone-Tube-Factory-1-66x66.jpg 66w, https:\/\/srtub.com\/wp-content\/uploads\/2023\/07\/Srtub-Silicone-Tube-Factory-1-150x150.jpg 150w, https:\/\/srtub.com\/wp-content\/uploads\/2023\/07\/Srtub-Silicone-Tube-Factory-1-200x200.jpg 200w, https:\/\/srtub.com\/wp-content\/uploads\/2023\/07\/Srtub-Silicone-Tube-Factory-1-300x300.jpg 300w, https:\/\/srtub.com\/wp-content\/uploads\/2023\/07\/Srtub-Silicone-Tube-Factory-1-400x400.jpg 400w, https:\/\/srtub.com\/wp-content\/uploads\/2023\/07\/Srtub-Silicone-Tube-Factory-1-500x500.jpg 500w, https:\/\/srtub.com\/wp-content\/uploads\/2023\/07\/Srtub-Silicone-Tube-Factory-1-600x600.jpg 600w, https:\/\/srtub.com\/wp-content\/uploads\/2023\/07\/Srtub-Silicone-Tube-Factory-1-700x700.jpg 700w, https:\/\/srtub.com\/wp-content\/uploads\/2023\/07\/Srtub-Silicone-Tube-Factory-1-768x768.jpg 768w, https:\/\/srtub.com\/wp-content\/uploads\/2023\/07\/Srtub-Silicone-Tube-Factory-1.jpg 800w\" sizes=\"(max-width: 800px) 100vw, 800px\" \/><\/p>\n<p><img loading=\"lazy\" decoding=\"async\" class=\"alignnone wp-image-46 size-full\" src=\"https:\/\/srtub.com\/wp-content\/uploads\/2023\/07\/Srtub-Silicone-Tube-Factory-2.jpg\" alt=\"Fabryka rur silikonowych Srtub\" width=\"784\" height=\"960\" srcset=\"https:\/\/srtub.com\/wp-content\/uploads\/2023\/07\/Srtub-Silicone-Tube-Factory-2-10x12.jpg 10w, https:\/\/srtub.com\/wp-content\/uploads\/2023\/07\/Srtub-Silicone-Tube-Factory-2-200x245.jpg 200w, https:\/\/srtub.com\/wp-content\/uploads\/2023\/07\/Srtub-Silicone-Tube-Factory-2-245x300.jpg 245w, https:\/\/srtub.com\/wp-content\/uploads\/2023\/07\/Srtub-Silicone-Tube-Factory-2-400x490.jpg 400w, https:\/\/srtub.com\/wp-content\/uploads\/2023\/07\/Srtub-Silicone-Tube-Factory-2-500x612.jpg 500w, https:\/\/srtub.com\/wp-content\/uploads\/2023\/07\/Srtub-Silicone-Tube-Factory-2-600x735.jpg 600w, https:\/\/srtub.com\/wp-content\/uploads\/2023\/07\/Srtub-Silicone-Tube-Factory-2-700x857.jpg 700w, https:\/\/srtub.com\/wp-content\/uploads\/2023\/07\/Srtub-Silicone-Tube-Factory-2-768x940.jpg 768w, https:\/\/srtub.com\/wp-content\/uploads\/2023\/07\/Srtub-Silicone-Tube-Factory-2.jpg 784w\" sizes=\"(max-width: 784px) 100vw, 784px\" \/><\/p>\n<p><div id=\"attachment_47\" style=\"width: 810px\" class=\"wp-caption alignnone\"><img loading=\"lazy\" decoding=\"async\" aria-describedby=\"caption-attachment-47\" class=\"wp-image-47 size-full\" src=\"https:\/\/srtub.com\/wp-content\/uploads\/2023\/07\/Srtub-Silicone-Tube-Factory-3.jpg\" alt=\"Fabryka rur silikonowych Srtub\" width=\"800\" height=\"800\" srcset=\"https:\/\/srtub.com\/wp-content\/uploads\/2023\/07\/Srtub-Silicone-Tube-Factory-3-12x12.jpg 12w, https:\/\/srtub.com\/wp-content\/uploads\/2023\/07\/Srtub-Silicone-Tube-Factory-3-66x66.jpg 66w, https:\/\/srtub.com\/wp-content\/uploads\/2023\/07\/Srtub-Silicone-Tube-Factory-3-150x150.jpg 150w, https:\/\/srtub.com\/wp-content\/uploads\/2023\/07\/Srtub-Silicone-Tube-Factory-3-200x200.jpg 200w, https:\/\/srtub.com\/wp-content\/uploads\/2023\/07\/Srtub-Silicone-Tube-Factory-3-300x300.jpg 300w, https:\/\/srtub.com\/wp-content\/uploads\/2023\/07\/Srtub-Silicone-Tube-Factory-3-400x400.jpg 400w, https:\/\/srtub.com\/wp-content\/uploads\/2023\/07\/Srtub-Silicone-Tube-Factory-3-500x500.jpg 500w, https:\/\/srtub.com\/wp-content\/uploads\/2023\/07\/Srtub-Silicone-Tube-Factory-3-600x600.jpg 600w, https:\/\/srtub.com\/wp-content\/uploads\/2023\/07\/Srtub-Silicone-Tube-Factory-3-700x700.jpg 700w, https:\/\/srtub.com\/wp-content\/uploads\/2023\/07\/Srtub-Silicone-Tube-Factory-3-768x768.jpg 768w, https:\/\/srtub.com\/wp-content\/uploads\/2023\/07\/Srtub-Silicone-Tube-Factory-3.jpg 800w\" sizes=\"(max-width: 800px) 100vw, 800px\" \/><p id=\"caption-attachment-47\" class=\"wp-caption-text\"><span style=\"color: #000000;\"><strong>Srtub Partners<\/strong><\/span><\/p><\/div>\n<div id=\"attachment_23\" style=\"width: 1930px\" class=\"wp-caption alignnone\"><img loading=\"lazy\" decoding=\"async\" aria-describedby=\"caption-attachment-23\" class=\"wp-image-23 size-full\" src=\"https:\/\/srtub.com\/wp-content\/uploads\/2023\/07\/Best-Silicone-Tube-Ever-Srtub-3.jpg\" alt=\"Najlepsza silikonowa tuba w historii - Srtub\" width=\"1920\" height=\"750\" srcset=\"https:\/\/srtub.com\/wp-content\/uploads\/2023\/07\/Best-Silicone-Tube-Ever-Srtub-3-18x7.jpg 18w, https:\/\/srtub.com\/wp-content\/uploads\/2023\/07\/Best-Silicone-Tube-Ever-Srtub-3-200x78.jpg 200w, https:\/\/srtub.com\/wp-content\/uploads\/2023\/07\/Best-Silicone-Tube-Ever-Srtub-3-300x117.jpg 300w, https:\/\/srtub.com\/wp-content\/uploads\/2023\/07\/Best-Silicone-Tube-Ever-Srtub-3-400x156.jpg 400w, https:\/\/srtub.com\/wp-content\/uploads\/2023\/07\/Best-Silicone-Tube-Ever-Srtub-3-500x195.jpg 500w, https:\/\/srtub.com\/wp-content\/uploads\/2023\/07\/Best-Silicone-Tube-Ever-Srtub-3-600x234.jpg 600w, https:\/\/srtub.com\/wp-content\/uploads\/2023\/07\/Best-Silicone-Tube-Ever-Srtub-3-700x273.jpg 700w, https:\/\/srtub.com\/wp-content\/uploads\/2023\/07\/Best-Silicone-Tube-Ever-Srtub-3-768x300.jpg 768w, https:\/\/srtub.com\/wp-content\/uploads\/2023\/07\/Best-Silicone-Tube-Ever-Srtub-3-800x313.jpg 800w, https:\/\/srtub.com\/wp-content\/uploads\/2023\/07\/Best-Silicone-Tube-Ever-Srtub-3-1024x400.jpg 1024w, https:\/\/srtub.com\/wp-content\/uploads\/2023\/07\/Best-Silicone-Tube-Ever-Srtub-3-1200x469.jpg 1200w, https:\/\/srtub.com\/wp-content\/uploads\/2023\/07\/Best-Silicone-Tube-Ever-Srtub-3-1536x600.jpg 1536w, https:\/\/srtub.com\/wp-content\/uploads\/2023\/07\/Best-Silicone-Tube-Ever-Srtub-3.jpg 1920w\" sizes=\"(max-width: 1920px) 100vw, 1920px\" \/><p id=\"caption-attachment-23\" class=\"wp-caption-text\"><strong><span style=\"color: #000000;\">Dlaczego warto wybra\u0107 Srtub?<\/span><\/strong><\/p><\/div>\n<div id=\"attachment_48\" style=\"width: 760px\" class=\"wp-caption alignnone\"><img loading=\"lazy\" decoding=\"async\" aria-describedby=\"caption-attachment-48\" class=\"wp-image-48 size-full\" src=\"https:\/\/srtub.com\/wp-content\/uploads\/2023\/07\/Srtub-Silicone-Tube-Factory-4.jpg\" alt=\"Fabryka rur silikonowych Srtub\" width=\"750\" height=\"617\" srcset=\"https:\/\/srtub.com\/wp-content\/uploads\/2023\/07\/Srtub-Silicone-Tube-Factory-4-15x12.jpg 15w, https:\/\/srtub.com\/wp-content\/uploads\/2023\/07\/Srtub-Silicone-Tube-Factory-4-200x165.jpg 200w, https:\/\/srtub.com\/wp-content\/uploads\/2023\/07\/Srtub-Silicone-Tube-Factory-4-300x247.jpg 300w, https:\/\/srtub.com\/wp-content\/uploads\/2023\/07\/Srtub-Silicone-Tube-Factory-4-400x329.jpg 400w, https:\/\/srtub.com\/wp-content\/uploads\/2023\/07\/Srtub-Silicone-Tube-Factory-4-500x411.jpg 500w, https:\/\/srtub.com\/wp-content\/uploads\/2023\/07\/Srtub-Silicone-Tube-Factory-4-600x494.jpg 600w, https:\/\/srtub.com\/wp-content\/uploads\/2023\/07\/Srtub-Silicone-Tube-Factory-4-700x576.jpg 700w, https:\/\/srtub.com\/wp-content\/uploads\/2023\/07\/Srtub-Silicone-Tube-Factory-4.jpg 750w\" sizes=\"(max-width: 750px) 100vw, 750px\" \/><p id=\"caption-attachment-48\" class=\"wp-caption-text\"><span style=\"color: #000000;\"><strong>Pakowanie i wysy\u0142ka rur silikonowych Srtub<\/strong><\/span><\/p><\/div>\n<div id=\"attachment_49\" style=\"width: 800px\" class=\"wp-caption alignnone\"><img loading=\"lazy\" decoding=\"async\" aria-describedby=\"caption-attachment-49\" class=\"wp-image-49 size-full\" src=\"https:\/\/srtub.com\/wp-content\/uploads\/2023\/07\/Srtub-Silicone-Tube-Factory-5.jpg\" alt=\"Fabryka rur silikonowych Srtub\" width=\"790\" height=\"816\" srcset=\"https:\/\/srtub.com\/wp-content\/uploads\/2023\/07\/Srtub-Silicone-Tube-Factory-5-12x12.jpg 12w, https:\/\/srtub.com\/wp-content\/uploads\/2023\/07\/Srtub-Silicone-Tube-Factory-5-200x207.jpg 200w, https:\/\/srtub.com\/wp-content\/uploads\/2023\/07\/Srtub-Silicone-Tube-Factory-5-290x300.jpg 290w, https:\/\/srtub.com\/wp-content\/uploads\/2023\/07\/Srtub-Silicone-Tube-Factory-5-400x413.jpg 400w, https:\/\/srtub.com\/wp-content\/uploads\/2023\/07\/Srtub-Silicone-Tube-Factory-5-500x516.jpg 500w, https:\/\/srtub.com\/wp-content\/uploads\/2023\/07\/Srtub-Silicone-Tube-Factory-5-600x620.jpg 600w, https:\/\/srtub.com\/wp-content\/uploads\/2023\/07\/Srtub-Silicone-Tube-Factory-5-700x723.jpg 700w, https:\/\/srtub.com\/wp-content\/uploads\/2023\/07\/Srtub-Silicone-Tube-Factory-5-768x793.jpg 768w, https:\/\/srtub.com\/wp-content\/uploads\/2023\/07\/Srtub-Silicone-Tube-Factory-5.jpg 790w\" sizes=\"(max-width: 790px) 100vw, 790px\" \/><p id=\"caption-attachment-49\" class=\"wp-caption-text\"><strong>Srtub FAQ<\/strong><\/p><\/div><\/p>\n<p>1.  Czy mog\u0119 otrzyma\u0107 pr\u00f3bk\u0119?<br \/>\nTak, mo\u017cemy dostarczy\u0107 istniej\u0105c\u0105 pr\u00f3bk\u0119 za darmo, ale niewielka op\u0142ata za pr\u00f3bk\u0119 za niestandardowy projekt, nowi klienci powinni zap\u0142aci\u0107 za koszty dostawy, a op\u0142ata za pr\u00f3bk\u0119 zostanie odj\u0119ta od p\u0142atno\u015bci za formalne zam\u00f3wienia.<br \/>\n2. Jak d\u0142ugi jest czas realizacji pr\u00f3bki?<br \/>\nW przypadku istniej\u0105cych produkt\u00f3w zajmuje to 1-2 dni; je\u015bli chcesz mie\u0107 sw\u00f3j projekt, mo\u017ce to potrwa\u0107 3-5 dni w zale\u017cno\u015bci od zawarto\u015bci projektu.<br \/>\n3.  Jak wygl\u0105da kontrola jako\u015bci produkt\u00f3w?<br \/>\nNasz dzia\u0142 kontroli jako\u015bci posiada profesjonalny zesp\u00f3\u0142 kontroli jako\u015bci.  \"Jako\u015b\u0107 przede wszystkim, koncentracja na kliencie\" to nasza polityka jako\u015bci, a my mamy przychodz\u0105c\u0105 kontrol\u0119 jako\u015bci \/ kontrol\u0119 jako\u015bci w trakcie procesu \/ wychodz\u0105c\u0105 kontrol\u0119 jako\u015bci w ca\u0142ej naszej dzia\u0142alno\u015bci fabrycznej.<br \/>\n4.  Dlaczego powinienem kupi\u0107 rurk\u0119 silikonow\u0105?<br \/>\nNasza rura silikonowa oferuje doskona\u0142\u0105 jako\u015b\u0107, rozs\u0105dn\u0105 cen\u0119, dobr\u0105 obs\u0142ug\u0119 posprzeda\u017cn\u0105 i zapewnienie jako\u015bci.<br \/>\nWhatsApp\/Wechat: +86 13075286997<br \/>\nE-mail: sales@srtub.com<\/p>\n<\/div>\n<div class=\"wpcf7 no-js\" id=\"wpcf7-f57-o2\" lang=\"en-US\" dir=\"ltr\" data-wpcf7-id=\"57\">\n<div class=\"screen-reader-response\"><p role=\"status\" aria-live=\"polite\" aria-atomic=\"true\"><\/p> <ul><\/ul><\/div>\n<form action=\"\/pl\/wp-json\/wp\/v2\/pages\/31#wpcf7-f57-o2\" method=\"post\" class=\"wpcf7-form init\" aria-label=\"Formularz kontaktowy\" novalidate=\"novalidate\" data-status=\"init\" data-trp-original-action=\"\/pl\/wp-json\/wp\/v2\/pages\/31#wpcf7-f57-o2\">\n<fieldset class=\"hidden-fields-container\"><input type=\"hidden\" name=\"_wpcf7\" value=\"57\" \/><input type=\"hidden\" name=\"_wpcf7_version\" value=\"6.1.2\" \/><input type=\"hidden\" name=\"_wpcf7_locale\" value=\"en_US\" \/><input type=\"hidden\" name=\"_wpcf7_unit_tag\" value=\"wpcf7-f57-o2\" \/><input type=\"hidden\" name=\"_wpcf7_container_post\" value=\"0\" \/><input type=\"hidden\" name=\"_wpcf7_posted_data_hash\" value=\"\" \/>\n<\/fieldset>\n<p><label> Nazwa<br \/>\n<span class=\"wpcf7-form-control-wrap\" data-name=\"your-name\"><input size=\"40\" maxlength=\"400\" class=\"wpcf7-form-control wpcf7-text wpcf7-validates-as-required\" aria-required=\"true\" aria-invalid=\"false\" value=\"\" type=\"text\" name=\"your-name\" \/><\/span> <\/label>\n<\/p>\n<p><label> E-mail<br \/>\n<span class=\"wpcf7-form-control-wrap\" data-name=\"your-email\"><input size=\"40\" maxlength=\"400\" class=\"wpcf7-form-control wpcf7-email wpcf7-validates-as-required wpcf7-text wpcf7-validates-as-email\" aria-required=\"true\" aria-invalid=\"false\" value=\"\" type=\"email\" name=\"your-email\" \/><\/span> <\/label>\n<\/p>\n<p><label> Telefon<br \/>\n<span class=\"wpcf7-form-control-wrap\" data-name=\"your-phone\"><input size=\"40\" maxlength=\"400\" class=\"wpcf7-form-control wpcf7-text wpcf7-validates-as-required\" aria-required=\"true\" aria-invalid=\"false\" value=\"\" type=\"text\" name=\"your-phone\" \/><\/span> <\/label>\n<\/p>\n<p><label> Wiadomo\u015b\u0107<br \/>\n<span class=\"wpcf7-form-control-wrap\" data-name=\"your-message\"><textarea cols=\"40\" rows=\"10\" maxlength=\"2000\" class=\"wpcf7-form-control wpcf7-textarea\" aria-invalid=\"false\" name=\"your-message\"><\/textarea><\/span> <\/label>\n<\/p>\n<p><input class=\"wpcf7-form-control wpcf7-submit has-spinner\" type=\"submit\" value=\"Wy\u015blij zapytanie\" \/>\n<\/p><p style=\"display: none !important;\" class=\"akismet-fields-container\" data-prefix=\"_wpcf7_ak_\"><label>&#916;<textarea name=\"_wpcf7_ak_hp_textarea\" cols=\"45\" rows=\"8\" maxlength=\"100\"><\/textarea><\/label><input type=\"hidden\" id=\"ak_js_2\" name=\"_wpcf7_ak_js\" value=\"180\"\/><script>document.getElementById( \"ak_js_2\" ).setAttribute( \"value\", ( new Date() ).getTime() );<\/script><\/p><div class=\"fusion-alert alert custom alert-custom fusion-alert-center wpcf7-response-output awb-alert-native-link-color alert-dismissable awb-alert-close-boxed\" style=\"--awb-border-size:1px;--awb-border-top-left-radius:0px;--awb-border-top-right-radius:0px;--awb-border-bottom-left-radius:0px;--awb-border-bottom-right-radius:0px;\" role=\"alert\"><div class=\"fusion-alert-content-wrapper\"><span class=\"fusion-alert-content\"><\/span><\/div><button type=\"button\" class=\"close toggle-alert\" data-dismiss=\"alert\" aria-label=\"Zamknij\">\u00d7<\/button><\/div>\n<input type=\"hidden\" name=\"trp-form-language\" value=\"pl\"\/><\/form>\n<\/div>\n<\/div><\/div><\/div><\/div>","protected":false},"excerpt":{"rendered":"","protected":false},"author":1,"featured_media":0,"parent":0,"menu_order":0,"comment_status":"closed","ping_status":"closed","template":"","meta":{"_joinchat":{"view":"yes"},"footnotes":""},"class_list":["post-31","page","type-page","status-publish","hentry"],"jetpack_sharing_enabled":true,"_links":{"self":[{"href":"https:\/\/srtub.com\/pl\/wp-json\/wp\/v2\/pages\/31","targetHints":{"allow":["GET"]}}],"collection":[{"href":"https:\/\/srtub.com\/pl\/wp-json\/wp\/v2\/pages"}],"about":[{"href":"https:\/\/srtub.com\/pl\/wp-json\/wp\/v2\/types\/page"}],"author":[{"embeddable":true,"href":"https:\/\/srtub.com\/pl\/wp-json\/wp\/v2\/users\/1"}],"replies":[{"embeddable":true,"href":"https:\/\/srtub.com\/pl\/wp-json\/wp\/v2\/comments?post=31"}],"version-history":[{"count":7,"href":"https:\/\/srtub.com\/pl\/wp-json\/wp\/v2\/pages\/31\/revisions"}],"predecessor-version":[{"id":522,"href":"https:\/\/srtub.com\/pl\/wp-json\/wp\/v2\/pages\/31\/revisions\/522"}],"wp:attachment":[{"href":"https:\/\/srtub.com\/pl\/wp-json\/wp\/v2\/media?parent=31"}],"curies":[{"name":"wp","href":"https:\/\/api.w.org\/{rel}","templated":true}]}}