{"id":26,"date":"2023-07-16T03:14:24","date_gmt":"2023-07-16T03:14:24","guid":{"rendered":"https:\/\/srtub.com\/?page_id=26"},"modified":"2024-07-03T02:48:00","modified_gmt":"2024-07-03T02:48:00","slug":"about-srtub-silicone-tube-factory","status":"publish","type":"page","link":"https:\/\/srtub.com\/tr\/about-srtub-silicone-tube-factory\/","title":{"rendered":"Srtub Hakk\u0131nda"},"content":{"rendered":"<div class=\"fusion-fullwidth fullwidth-box fusion-builder-row-1 fusion-flex-container nonhundred-percent-fullwidth non-hundred-percent-height-scrolling\" style=\"--awb-border-radius-top-left:0px;--awb-border-radius-top-right:0px;--awb-border-radius-bottom-right:0px;--awb-border-radius-bottom-left:0px;--awb-flex-wrap:wrap;\" ><div class=\"fusion-builder-row fusion-row fusion-flex-align-items-flex-start fusion-flex-content-wrap\" style=\"max-width:1248px;margin-left: calc(-4% \/ 2 );margin-right: calc(-4% \/ 2 );\"><div class=\"fusion-layout-column fusion_builder_column fusion-builder-column-0 fusion_builder_column_1_1 1_1 fusion-flex-column\" style=\"--awb-bg-size:cover;--awb-width-large:100%;--awb-margin-top-large:0px;--awb-spacing-right-large:1.92%;--awb-margin-bottom-large:0px;--awb-spacing-left-large:1.92%;--awb-width-medium:100%;--awb-spacing-right-medium:1.92%;--awb-spacing-left-medium:1.92%;--awb-width-small:100%;--awb-spacing-right-small:1.92%;--awb-spacing-left-small:1.92%;\"><div class=\"fusion-column-wrapper fusion-flex-justify-content-flex-start fusion-content-layout-column\"><div class=\"fusion-text fusion-text-1\"><h2 style=\"text-align: center;\">\u00a0 \u00a0 \u00a0 \u00a0 \u00a0<strong>Srtub Silikon T\u00fcp Fabrikas\u0131<\/strong><\/h2>\n<p>22 y\u0131l\u0131 a\u015fk\u0131n deneyim-Srtub Silikon T\u00fcp Fabrikas\u0131, \u00e7e\u015fitli y\u00fcksek kaliteli hassas silikon \u00fcr\u00fcnlerin Ar-Ge, \u00fcretim ve sat\u0131\u015f\u0131nda uzmanla\u015fm\u0131\u015f bir kurulu\u015ftur ve kendi fabrikas\u0131 ile BV sertifikas\u0131n\u0131 ge\u00e7mi\u015ftir.<\/p>\n<p>Srtub eksiksiz sertifikalara sahiptir. Medikal silikon t\u00fcp\u00fcm\u00fcz ve peristaltik pompa silikon t\u00fcp\u00fcm\u00fcz ithal platin k\u00fcrl\u00fc silikon kau\u00e7uk hammaddeleri ile ekstr\u00fcde edilmektedir.<\/p>\n<p>Ba\u015fl\u0131ca \u00fcr\u00fcnlerimiz aras\u0131nda g\u0131da s\u0131n\u0131f\u0131 silikon t\u00fcpler, t\u0131bbi silikon t\u00fcpler, peristaltik pompa silikon t\u00fcpleri, kal\u0131planm\u0131\u015f \u00fcr\u00fcnler ve di\u011fer silikon t\u00fcpler bulunmaktad\u0131r.<\/p>\n<p>T\u0131bbi s\u0131n\u0131f silikon t\u00fcpler, g\u0131da s\u0131n\u0131f\u0131 silikon t\u00fcpler, peristaltik pompa borular\u0131, LED k\u0131l\u0131flar, end\u00fcstriyel silikon t\u00fcpler vb. Gibi \u00e7e\u015fitli silikon t\u00fcplerin profesyonel olarak \u00f6zelle\u015ftirilmesi.<\/p>\n<p>Firmam\u0131z ayr\u0131ca silikon s\u0131zd\u0131rmazl\u0131k halkalar\u0131, silikon y\u00fck bantlar\u0131 da \u00fcretebilmektedir,<br \/>\nsilikon \u015feritler, kal\u0131planm\u0131\u015f silikon \u00fcr\u00fcnler (silikon buz tepsileri, silikon sarg\u0131),<br \/>\nsilikon kal\u0131p vb.<\/p>\n<p>D\u00fcnyan\u0131n her yerinden 5000'den fazla ortakla uzun vadeli i\u015fbirli\u011fimiz var.<br \/>\nSiz bize ihtiya\u00e7lar\u0131n\u0131zla geldi\u011finiz s\u00fcrece, sonsuz olas\u0131l\u0131klar\u0131 ger\u00e7ekle\u015ftirmek i\u00e7in elimizden geleni yapaca\u011f\u0131z!<\/p>\n<p><img fetchpriority=\"high\" decoding=\"async\" class=\"alignnone wp-image-21 size-full\" src=\"https:\/\/srtub.com\/wp-content\/uploads\/2023\/07\/Best-Silicone-Tube-Ever-Srtub-1.jpg\" alt=\"\u015eimdiye Kadarki En \u0130yi Silikon T\u00fcp-Srtub\" width=\"1920\" height=\"750\" srcset=\"https:\/\/srtub.com\/wp-content\/uploads\/2023\/07\/Best-Silicone-Tube-Ever-Srtub-1-18x7.jpg 18w, https:\/\/srtub.com\/wp-content\/uploads\/2023\/07\/Best-Silicone-Tube-Ever-Srtub-1-200x78.jpg 200w, https:\/\/srtub.com\/wp-content\/uploads\/2023\/07\/Best-Silicone-Tube-Ever-Srtub-1-300x117.jpg 300w, https:\/\/srtub.com\/wp-content\/uploads\/2023\/07\/Best-Silicone-Tube-Ever-Srtub-1-400x156.jpg 400w, https:\/\/srtub.com\/wp-content\/uploads\/2023\/07\/Best-Silicone-Tube-Ever-Srtub-1-500x195.jpg 500w, https:\/\/srtub.com\/wp-content\/uploads\/2023\/07\/Best-Silicone-Tube-Ever-Srtub-1-600x234.jpg 600w, https:\/\/srtub.com\/wp-content\/uploads\/2023\/07\/Best-Silicone-Tube-Ever-Srtub-1-700x273.jpg 700w, https:\/\/srtub.com\/wp-content\/uploads\/2023\/07\/Best-Silicone-Tube-Ever-Srtub-1-768x300.jpg 768w, https:\/\/srtub.com\/wp-content\/uploads\/2023\/07\/Best-Silicone-Tube-Ever-Srtub-1-800x313.jpg 800w, https:\/\/srtub.com\/wp-content\/uploads\/2023\/07\/Best-Silicone-Tube-Ever-Srtub-1-1024x400.jpg 1024w, https:\/\/srtub.com\/wp-content\/uploads\/2023\/07\/Best-Silicone-Tube-Ever-Srtub-1-1200x469.jpg 1200w, https:\/\/srtub.com\/wp-content\/uploads\/2023\/07\/Best-Silicone-Tube-Ever-Srtub-1-1536x600.jpg 1536w, https:\/\/srtub.com\/wp-content\/uploads\/2023\/07\/Best-Silicone-Tube-Ever-Srtub-1.jpg 1920w\" sizes=\"(max-width: 1920px) 100vw, 1920px\" \/><\/p>\n<p><img decoding=\"async\" class=\"alignnone wp-image-22 size-full\" src=\"https:\/\/srtub.com\/wp-content\/uploads\/2023\/07\/Best-Silicone-Tube-Ever-Srtub-2.jpg\" alt=\"\u015eimdiye Kadarki En \u0130yi Silikon T\u00fcp-Srtub\" width=\"1920\" height=\"750\" srcset=\"https:\/\/srtub.com\/wp-content\/uploads\/2023\/07\/Best-Silicone-Tube-Ever-Srtub-2-18x7.jpg 18w, https:\/\/srtub.com\/wp-content\/uploads\/2023\/07\/Best-Silicone-Tube-Ever-Srtub-2-200x78.jpg 200w, https:\/\/srtub.com\/wp-content\/uploads\/2023\/07\/Best-Silicone-Tube-Ever-Srtub-2-300x117.jpg 300w, https:\/\/srtub.com\/wp-content\/uploads\/2023\/07\/Best-Silicone-Tube-Ever-Srtub-2-400x156.jpg 400w, https:\/\/srtub.com\/wp-content\/uploads\/2023\/07\/Best-Silicone-Tube-Ever-Srtub-2-500x195.jpg 500w, https:\/\/srtub.com\/wp-content\/uploads\/2023\/07\/Best-Silicone-Tube-Ever-Srtub-2-600x234.jpg 600w, https:\/\/srtub.com\/wp-content\/uploads\/2023\/07\/Best-Silicone-Tube-Ever-Srtub-2-700x273.jpg 700w, https:\/\/srtub.com\/wp-content\/uploads\/2023\/07\/Best-Silicone-Tube-Ever-Srtub-2-768x300.jpg 768w, https:\/\/srtub.com\/wp-content\/uploads\/2023\/07\/Best-Silicone-Tube-Ever-Srtub-2-800x313.jpg 800w, https:\/\/srtub.com\/wp-content\/uploads\/2023\/07\/Best-Silicone-Tube-Ever-Srtub-2-1024x400.jpg 1024w, https:\/\/srtub.com\/wp-content\/uploads\/2023\/07\/Best-Silicone-Tube-Ever-Srtub-2-1200x469.jpg 1200w, https:\/\/srtub.com\/wp-content\/uploads\/2023\/07\/Best-Silicone-Tube-Ever-Srtub-2-1536x600.jpg 1536w, https:\/\/srtub.com\/wp-content\/uploads\/2023\/07\/Best-Silicone-Tube-Ever-Srtub-2.jpg 1920w\" sizes=\"(max-width: 1920px) 100vw, 1920px\" \/><\/p>\n<h4><strong>Srtub Fabrika \u00d6l\u00e7e\u011fi<\/strong><\/h4>\n<p>1000 m\u00b2 100 bin s\u0131n\u0131f\u0131 t\u0131bbi temiz oda ve 1500 m\u00b2 standart temiz at\u00f6lye ile donat\u0131lm\u0131\u015f durumday\u0131z.<\/p>\n<h4><strong>\u00dcr\u00fcn Kalitesi<\/strong><\/h4>\n<p>\u00dcr\u00fcnlerin ge\u00e7i\u015f oran\u0131n\u0131n 98%'nin \u00fczerinde olmas\u0131n\u0131 sa\u011flamak i\u00e7in hammadde, \u00fcretim ve \u00fcr\u00fcn kalitesinin kalite kontrol\u00fcn\u00fc s\u0131k\u0131 bir \u015fekilde denetleyin.<\/p>\n<h4><strong>Srtub \u0130\u015f Kapsam\u0131<\/strong><\/h4>\n<p>Ba\u015fl\u0131ca \u00fcr\u00fcnlerimiz aras\u0131nda g\u0131da s\u0131n\u0131f\u0131 silikon t\u00fcpler, t\u0131bbi silikon t\u00fcpler, peristaltik pompa silikon t\u00fcpleri, kal\u0131planm\u0131\u015f \u00fcr\u00fcnler ve di\u011fer silikonlar bulunmaktad\u0131r.<\/p>\n<h4><strong>Srtub ekibi<\/strong><\/h4>\n<p>\"Profesyonel, hassas, y\u00fcksek verimlilik, y\u00fcksek kalite, \u0130novasyon ve d\u00fcr\u00fcstl\u00fck hizmetleri\" felsefesiyle, her zaman m\u00fc\u015fteri hizmetlerine ba\u011fl\u0131y\u0131z.<\/p>\n<p><img decoding=\"async\" class=\"alignnone wp-image-45 size-full\" src=\"https:\/\/srtub.com\/wp-content\/uploads\/2023\/07\/Srtub-Silicone-Tube-Factory-1.jpg\" alt=\"Srtub Silikon T\u00fcp Fabrikas\u0131\" width=\"800\" height=\"800\" srcset=\"https:\/\/srtub.com\/wp-content\/uploads\/2023\/07\/Srtub-Silicone-Tube-Factory-1-12x12.jpg 12w, https:\/\/srtub.com\/wp-content\/uploads\/2023\/07\/Srtub-Silicone-Tube-Factory-1-66x66.jpg 66w, https:\/\/srtub.com\/wp-content\/uploads\/2023\/07\/Srtub-Silicone-Tube-Factory-1-150x150.jpg 150w, https:\/\/srtub.com\/wp-content\/uploads\/2023\/07\/Srtub-Silicone-Tube-Factory-1-200x200.jpg 200w, https:\/\/srtub.com\/wp-content\/uploads\/2023\/07\/Srtub-Silicone-Tube-Factory-1-300x300.jpg 300w, https:\/\/srtub.com\/wp-content\/uploads\/2023\/07\/Srtub-Silicone-Tube-Factory-1-400x400.jpg 400w, https:\/\/srtub.com\/wp-content\/uploads\/2023\/07\/Srtub-Silicone-Tube-Factory-1-500x500.jpg 500w, https:\/\/srtub.com\/wp-content\/uploads\/2023\/07\/Srtub-Silicone-Tube-Factory-1-600x600.jpg 600w, https:\/\/srtub.com\/wp-content\/uploads\/2023\/07\/Srtub-Silicone-Tube-Factory-1-700x700.jpg 700w, https:\/\/srtub.com\/wp-content\/uploads\/2023\/07\/Srtub-Silicone-Tube-Factory-1-768x768.jpg 768w, https:\/\/srtub.com\/wp-content\/uploads\/2023\/07\/Srtub-Silicone-Tube-Factory-1.jpg 800w\" sizes=\"(max-width: 800px) 100vw, 800px\" \/><\/p>\n<p><img loading=\"lazy\" decoding=\"async\" class=\"alignnone wp-image-46 size-full\" src=\"https:\/\/srtub.com\/wp-content\/uploads\/2023\/07\/Srtub-Silicone-Tube-Factory-2.jpg\" alt=\"Srtub Silikon T\u00fcp Fabrikas\u0131\" width=\"784\" height=\"960\" srcset=\"https:\/\/srtub.com\/wp-content\/uploads\/2023\/07\/Srtub-Silicone-Tube-Factory-2-10x12.jpg 10w, https:\/\/srtub.com\/wp-content\/uploads\/2023\/07\/Srtub-Silicone-Tube-Factory-2-200x245.jpg 200w, https:\/\/srtub.com\/wp-content\/uploads\/2023\/07\/Srtub-Silicone-Tube-Factory-2-245x300.jpg 245w, https:\/\/srtub.com\/wp-content\/uploads\/2023\/07\/Srtub-Silicone-Tube-Factory-2-400x490.jpg 400w, https:\/\/srtub.com\/wp-content\/uploads\/2023\/07\/Srtub-Silicone-Tube-Factory-2-500x612.jpg 500w, https:\/\/srtub.com\/wp-content\/uploads\/2023\/07\/Srtub-Silicone-Tube-Factory-2-600x735.jpg 600w, https:\/\/srtub.com\/wp-content\/uploads\/2023\/07\/Srtub-Silicone-Tube-Factory-2-700x857.jpg 700w, https:\/\/srtub.com\/wp-content\/uploads\/2023\/07\/Srtub-Silicone-Tube-Factory-2-768x940.jpg 768w, https:\/\/srtub.com\/wp-content\/uploads\/2023\/07\/Srtub-Silicone-Tube-Factory-2.jpg 784w\" sizes=\"(max-width: 784px) 100vw, 784px\" \/><\/p>\n<p><div id=\"attachment_47\" style=\"width: 810px\" class=\"wp-caption alignnone\"><img loading=\"lazy\" decoding=\"async\" aria-describedby=\"caption-attachment-47\" class=\"wp-image-47 size-full\" src=\"https:\/\/srtub.com\/wp-content\/uploads\/2023\/07\/Srtub-Silicone-Tube-Factory-3.jpg\" alt=\"Srtub Silikon T\u00fcp Fabrikas\u0131\" width=\"800\" height=\"800\" srcset=\"https:\/\/srtub.com\/wp-content\/uploads\/2023\/07\/Srtub-Silicone-Tube-Factory-3-12x12.jpg 12w, https:\/\/srtub.com\/wp-content\/uploads\/2023\/07\/Srtub-Silicone-Tube-Factory-3-66x66.jpg 66w, https:\/\/srtub.com\/wp-content\/uploads\/2023\/07\/Srtub-Silicone-Tube-Factory-3-150x150.jpg 150w, https:\/\/srtub.com\/wp-content\/uploads\/2023\/07\/Srtub-Silicone-Tube-Factory-3-200x200.jpg 200w, https:\/\/srtub.com\/wp-content\/uploads\/2023\/07\/Srtub-Silicone-Tube-Factory-3-300x300.jpg 300w, https:\/\/srtub.com\/wp-content\/uploads\/2023\/07\/Srtub-Silicone-Tube-Factory-3-400x400.jpg 400w, https:\/\/srtub.com\/wp-content\/uploads\/2023\/07\/Srtub-Silicone-Tube-Factory-3-500x500.jpg 500w, https:\/\/srtub.com\/wp-content\/uploads\/2023\/07\/Srtub-Silicone-Tube-Factory-3-600x600.jpg 600w, https:\/\/srtub.com\/wp-content\/uploads\/2023\/07\/Srtub-Silicone-Tube-Factory-3-700x700.jpg 700w, https:\/\/srtub.com\/wp-content\/uploads\/2023\/07\/Srtub-Silicone-Tube-Factory-3-768x768.jpg 768w, https:\/\/srtub.com\/wp-content\/uploads\/2023\/07\/Srtub-Silicone-Tube-Factory-3.jpg 800w\" sizes=\"(max-width: 800px) 100vw, 800px\" \/><p id=\"caption-attachment-47\" class=\"wp-caption-text\"><span style=\"color: #000000;\"><strong>Srtub Ortaklar\u0131<\/strong><\/span><\/p><\/div>\n<div id=\"attachment_23\" style=\"width: 1930px\" class=\"wp-caption alignnone\"><img loading=\"lazy\" decoding=\"async\" aria-describedby=\"caption-attachment-23\" class=\"wp-image-23 size-full\" src=\"https:\/\/srtub.com\/wp-content\/uploads\/2023\/07\/Best-Silicone-Tube-Ever-Srtub-3.jpg\" alt=\"\u015eimdiye Kadarki En \u0130yi Silikon T\u00fcp-Srtub\" width=\"1920\" height=\"750\" srcset=\"https:\/\/srtub.com\/wp-content\/uploads\/2023\/07\/Best-Silicone-Tube-Ever-Srtub-3-18x7.jpg 18w, https:\/\/srtub.com\/wp-content\/uploads\/2023\/07\/Best-Silicone-Tube-Ever-Srtub-3-200x78.jpg 200w, https:\/\/srtub.com\/wp-content\/uploads\/2023\/07\/Best-Silicone-Tube-Ever-Srtub-3-300x117.jpg 300w, https:\/\/srtub.com\/wp-content\/uploads\/2023\/07\/Best-Silicone-Tube-Ever-Srtub-3-400x156.jpg 400w, https:\/\/srtub.com\/wp-content\/uploads\/2023\/07\/Best-Silicone-Tube-Ever-Srtub-3-500x195.jpg 500w, https:\/\/srtub.com\/wp-content\/uploads\/2023\/07\/Best-Silicone-Tube-Ever-Srtub-3-600x234.jpg 600w, https:\/\/srtub.com\/wp-content\/uploads\/2023\/07\/Best-Silicone-Tube-Ever-Srtub-3-700x273.jpg 700w, https:\/\/srtub.com\/wp-content\/uploads\/2023\/07\/Best-Silicone-Tube-Ever-Srtub-3-768x300.jpg 768w, https:\/\/srtub.com\/wp-content\/uploads\/2023\/07\/Best-Silicone-Tube-Ever-Srtub-3-800x313.jpg 800w, https:\/\/srtub.com\/wp-content\/uploads\/2023\/07\/Best-Silicone-Tube-Ever-Srtub-3-1024x400.jpg 1024w, https:\/\/srtub.com\/wp-content\/uploads\/2023\/07\/Best-Silicone-Tube-Ever-Srtub-3-1200x469.jpg 1200w, https:\/\/srtub.com\/wp-content\/uploads\/2023\/07\/Best-Silicone-Tube-Ever-Srtub-3-1536x600.jpg 1536w, https:\/\/srtub.com\/wp-content\/uploads\/2023\/07\/Best-Silicone-Tube-Ever-Srtub-3.jpg 1920w\" sizes=\"(max-width: 1920px) 100vw, 1920px\" \/><p id=\"caption-attachment-23\" class=\"wp-caption-text\"><strong><span style=\"color: #000000;\">Neden Srtub'u Se\u00e7melisiniz?<\/span><\/strong><\/p><\/div>\n<div id=\"attachment_48\" style=\"width: 760px\" class=\"wp-caption alignnone\"><img loading=\"lazy\" decoding=\"async\" aria-describedby=\"caption-attachment-48\" class=\"wp-image-48 size-full\" src=\"https:\/\/srtub.com\/wp-content\/uploads\/2023\/07\/Srtub-Silicone-Tube-Factory-4.jpg\" alt=\"Srtub Silikon T\u00fcp Fabrikas\u0131\" width=\"750\" height=\"617\" srcset=\"https:\/\/srtub.com\/wp-content\/uploads\/2023\/07\/Srtub-Silicone-Tube-Factory-4-15x12.jpg 15w, https:\/\/srtub.com\/wp-content\/uploads\/2023\/07\/Srtub-Silicone-Tube-Factory-4-200x165.jpg 200w, https:\/\/srtub.com\/wp-content\/uploads\/2023\/07\/Srtub-Silicone-Tube-Factory-4-300x247.jpg 300w, https:\/\/srtub.com\/wp-content\/uploads\/2023\/07\/Srtub-Silicone-Tube-Factory-4-400x329.jpg 400w, https:\/\/srtub.com\/wp-content\/uploads\/2023\/07\/Srtub-Silicone-Tube-Factory-4-500x411.jpg 500w, https:\/\/srtub.com\/wp-content\/uploads\/2023\/07\/Srtub-Silicone-Tube-Factory-4-600x494.jpg 600w, https:\/\/srtub.com\/wp-content\/uploads\/2023\/07\/Srtub-Silicone-Tube-Factory-4-700x576.jpg 700w, https:\/\/srtub.com\/wp-content\/uploads\/2023\/07\/Srtub-Silicone-Tube-Factory-4.jpg 750w\" sizes=\"(max-width: 750px) 100vw, 750px\" \/><p id=\"caption-attachment-48\" class=\"wp-caption-text\"><span style=\"color: #000000;\"><strong>Srtub Silikon T\u00fcp Paketleme ve Nakliye<\/strong><\/span><\/p><\/div>\n<div id=\"attachment_49\" style=\"width: 800px\" class=\"wp-caption alignnone\"><img loading=\"lazy\" decoding=\"async\" aria-describedby=\"caption-attachment-49\" class=\"wp-image-49 size-full\" src=\"https:\/\/srtub.com\/wp-content\/uploads\/2023\/07\/Srtub-Silicone-Tube-Factory-5.jpg\" alt=\"Srtub Silikon T\u00fcp Fabrikas\u0131\" width=\"790\" height=\"816\" srcset=\"https:\/\/srtub.com\/wp-content\/uploads\/2023\/07\/Srtub-Silicone-Tube-Factory-5-12x12.jpg 12w, https:\/\/srtub.com\/wp-content\/uploads\/2023\/07\/Srtub-Silicone-Tube-Factory-5-200x207.jpg 200w, https:\/\/srtub.com\/wp-content\/uploads\/2023\/07\/Srtub-Silicone-Tube-Factory-5-290x300.jpg 290w, https:\/\/srtub.com\/wp-content\/uploads\/2023\/07\/Srtub-Silicone-Tube-Factory-5-400x413.jpg 400w, https:\/\/srtub.com\/wp-content\/uploads\/2023\/07\/Srtub-Silicone-Tube-Factory-5-500x516.jpg 500w, https:\/\/srtub.com\/wp-content\/uploads\/2023\/07\/Srtub-Silicone-Tube-Factory-5-600x620.jpg 600w, https:\/\/srtub.com\/wp-content\/uploads\/2023\/07\/Srtub-Silicone-Tube-Factory-5-700x723.jpg 700w, https:\/\/srtub.com\/wp-content\/uploads\/2023\/07\/Srtub-Silicone-Tube-Factory-5-768x793.jpg 768w, https:\/\/srtub.com\/wp-content\/uploads\/2023\/07\/Srtub-Silicone-Tube-Factory-5.jpg 790w\" sizes=\"(max-width: 790px) 100vw, 790px\" \/><p id=\"caption-attachment-49\" class=\"wp-caption-text\"><strong>Srtub SSS<\/strong><\/p><\/div><\/p>\n<p>1.  Numune alabilir miyim?<br \/>\nEvet, size mevcut numuneyi \u00fccretsiz olarak sa\u011flayabiliriz, ancak \u00f6zel tasar\u0131m i\u00e7in k\u00fc\u00e7\u00fck bir numune \u00fccreti, yeni m\u00fc\u015fterilerin teslimat \u00fccretini \u00f6demesi beklenir ve numune \u00fccreti resmi sipari\u015fler i\u00e7in \u00f6demeden d\u00fc\u015f\u00fclecektir.<br \/>\n2. Numune teslim s\u00fcresi ne kadard\u0131r?<br \/>\nMevcut \u00fcr\u00fcnler i\u00e7in 1-2 g\u00fcn; tasar\u0131m\u0131n\u0131z\u0131 isterseniz tasar\u0131m i\u00e7eri\u011finize ba\u011fl\u0131 olarak 3-5 g\u00fcn s\u00fcrebilir.<br \/>\n3.  \u00dcr\u00fcn kalite kontrol\u00fcn\u00fcz nas\u0131l?<br \/>\nProfesyonel bir QC ekibi ile g\u00fc\u00e7lendirilmi\u015f QC departman\u0131m\u0131z var.  \"\u00d6nce Kalite, M\u00fc\u015fteri Odakl\u0131l\u0131k\" kalite politikam\u0131zd\u0131r ve fabrika operasyonlar\u0131m\u0131z boyunca Gelen Kalite Kontrol \/ S\u00fcre\u00e7 \u0130\u00e7i Kalite Kontrol \/ Giden Kalite Kontrol\u00fcm\u00fcz vard\u0131r.<br \/>\n4.  Neden silikon t\u00fcp\u00fcn\u00fcz\u00fc sat\u0131n almal\u0131y\u0131m?<br \/>\nSilikon t\u00fcp\u00fcm\u00fcz m\u00fckemmel kalite, uygun fiyat, iyi sat\u0131\u015f sonras\u0131 servis ve kalite g\u00fcvencesi sunar.<br \/>\nWhatsApp\/Wechat: +86 13075286997<br \/>\nE-posta: sales@srtub.com<\/p>\n<\/div>\n<div class=\"wpcf7 no-js\" id=\"wpcf7-f57-o1\" lang=\"en-US\" dir=\"ltr\" data-wpcf7-id=\"57\">\n<div class=\"screen-reader-response\"><p role=\"status\" aria-live=\"polite\" aria-atomic=\"true\"><\/p> <ul><\/ul><\/div>\n<form action=\"\/tr\/wp-json\/wp\/v2\/pages\/26#wpcf7-f57-o1\" method=\"post\" class=\"wpcf7-form init\" aria-label=\"\u0130leti\u015fim formu\" novalidate=\"novalidate\" data-status=\"init\" data-trp-original-action=\"\/tr\/wp-json\/wp\/v2\/pages\/26#wpcf7-f57-o1\">\n<fieldset class=\"hidden-fields-container\"><input type=\"hidden\" name=\"_wpcf7\" value=\"57\" \/><input type=\"hidden\" name=\"_wpcf7_version\" value=\"6.1.2\" \/><input type=\"hidden\" name=\"_wpcf7_locale\" value=\"en_US\" \/><input type=\"hidden\" name=\"_wpcf7_unit_tag\" value=\"wpcf7-f57-o1\" \/><input type=\"hidden\" name=\"_wpcf7_container_post\" value=\"0\" \/><input type=\"hidden\" name=\"_wpcf7_posted_data_hash\" value=\"\" \/>\n<\/fieldset>\n<p><label> \u0130sim<br \/>\n<span class=\"wpcf7-form-control-wrap\" data-name=\"your-name\"><input size=\"40\" maxlength=\"400\" class=\"wpcf7-form-control wpcf7-text wpcf7-validates-as-required\" aria-required=\"true\" aria-invalid=\"false\" value=\"\" type=\"text\" name=\"your-name\" \/><\/span> <\/label>\n<\/p>\n<p><label> E-posta<br \/>\n<span class=\"wpcf7-form-control-wrap\" data-name=\"your-email\"><input size=\"40\" maxlength=\"400\" class=\"wpcf7-form-control wpcf7-email wpcf7-validates-as-required wpcf7-text wpcf7-validates-as-email\" aria-required=\"true\" aria-invalid=\"false\" value=\"\" type=\"email\" name=\"your-email\" \/><\/span> <\/label>\n<\/p>\n<p><label> Telefon<br \/>\n<span class=\"wpcf7-form-control-wrap\" data-name=\"your-phone\"><input size=\"40\" maxlength=\"400\" class=\"wpcf7-form-control wpcf7-text wpcf7-validates-as-required\" aria-required=\"true\" aria-invalid=\"false\" value=\"\" type=\"text\" name=\"your-phone\" \/><\/span> <\/label>\n<\/p>\n<p><label> Mesaj<br \/>\n<span class=\"wpcf7-form-control-wrap\" data-name=\"your-message\"><textarea cols=\"40\" rows=\"10\" maxlength=\"2000\" class=\"wpcf7-form-control wpcf7-textarea\" aria-invalid=\"false\" name=\"your-message\"><\/textarea><\/span> <\/label>\n<\/p>\n<p><input class=\"wpcf7-form-control wpcf7-submit has-spinner\" type=\"submit\" value=\"Sorgunuzu g\u00f6nderin\" \/>\n<\/p><p style=\"display: none !important;\" class=\"akismet-fields-container\" data-prefix=\"_wpcf7_ak_\"><label>&#916;<textarea name=\"_wpcf7_ak_hp_textarea\" cols=\"45\" rows=\"8\" maxlength=\"100\"><\/textarea><\/label><input type=\"hidden\" id=\"ak_js_1\" name=\"_wpcf7_ak_js\" value=\"122\"\/><script>document.getElementById( \"ak_js_1\" ).setAttribute( \"value\", ( new Date() ).getTime() );<\/script><\/p><div class=\"fusion-alert alert custom alert-custom fusion-alert-center wpcf7-response-output awb-alert-native-link-color alert-dismissable awb-alert-close-boxed\" style=\"--awb-border-size:1px;--awb-border-top-left-radius:0px;--awb-border-top-right-radius:0px;--awb-border-bottom-left-radius:0px;--awb-border-bottom-right-radius:0px;\" role=\"alert\"><div class=\"fusion-alert-content-wrapper\"><span class=\"fusion-alert-content\"><\/span><\/div><button type=\"button\" class=\"close toggle-alert\" data-dismiss=\"alert\" aria-label=\"Kapat\">\u00d7<\/button><\/div>\n<input type=\"hidden\" name=\"trp-form-language\" value=\"tr\"\/><\/form>\n<\/div>\n<\/div><\/div><\/div><\/div>","protected":false},"excerpt":{"rendered":"","protected":false},"author":1,"featured_media":0,"parent":0,"menu_order":0,"comment_status":"closed","ping_status":"closed","template":"","meta":{"_joinchat":{"view":"yes"},"footnotes":""},"class_list":["post-26","page","type-page","status-publish","hentry"],"jetpack_sharing_enabled":true,"_links":{"self":[{"href":"https:\/\/srtub.com\/tr\/wp-json\/wp\/v2\/pages\/26","targetHints":{"allow":["GET"]}}],"collection":[{"href":"https:\/\/srtub.com\/tr\/wp-json\/wp\/v2\/pages"}],"about":[{"href":"https:\/\/srtub.com\/tr\/wp-json\/wp\/v2\/types\/page"}],"author":[{"embeddable":true,"href":"https:\/\/srtub.com\/tr\/wp-json\/wp\/v2\/users\/1"}],"replies":[{"embeddable":true,"href":"https:\/\/srtub.com\/tr\/wp-json\/wp\/v2\/comments?post=26"}],"version-history":[{"count":7,"href":"https:\/\/srtub.com\/tr\/wp-json\/wp\/v2\/pages\/26\/revisions"}],"predecessor-version":[{"id":523,"href":"https:\/\/srtub.com\/tr\/wp-json\/wp\/v2\/pages\/26\/revisions\/523"}],"wp:attachment":[{"href":"https:\/\/srtub.com\/tr\/wp-json\/wp\/v2\/media?parent=26"}],"curies":[{"name":"wp","href":"https:\/\/api.w.org\/{rel}","templated":true}]}}